{"id":95,"date":"2022-02-18T17:24:02","date_gmt":"2022-02-18T17:24:02","guid":{"rendered":"http:\/\/192.168.20.102\/?page_id=95"},"modified":"2023-02-08T12:14:32","modified_gmt":"2023-02-08T12:14:32","slug":"ollsjo-gul-hal-3","status":"publish","type":"page","link":"https:\/\/c4fc.se\/?page_id=95","title":{"rendered":"\u00d6llsj\u00f6 Gul &#8211; H\u00e5l 3"},"content":{"rendered":"<figure class=\"wp-block-image size-full\"><img loading=\"lazy\" decoding=\"async\" width=\"720\" height=\"960\" src=\"https:\/\/c4fc.se\/wp-content\/uploads\/2022\/02\/slide3.jpg\" alt=\"\" class=\"wp-image-96\" srcset=\"https:\/\/c4fc.se\/wp-content\/uploads\/2022\/02\/slide3.jpg 720w, https:\/\/c4fc.se\/wp-content\/uploads\/2022\/02\/slide3-600x800.jpg 600w, https:\/\/c4fc.se\/wp-content\/uploads\/2022\/02\/slide3-225x300.jpg 225w\" sizes=\"(max-width: 720px) 100vw, 720px\" \/><\/figure><div class=\"wp-block-columns is-layout-flex wp-container-core-columns-is-layout-1 wp-block-columns-is-layout-flex\"><div class=\"wp-block-column is-layout-flow wp-block-column-is-layout-flow\" style=\"flex-basis:50%\"><\/div>\n\n<div class=\"wp-block-column is-layout-flow wp-block-column-is-layout-flow\" style=\"flex-basis:50%\"><\/div><\/div>\n<!-- Page-list plugin v.5.9 wordpress.org\/plugins\/page-list\/ -->\n<ul class=\"page-list siblings-page-list \">\n<li class=\"page_item page-item-89\"><a href=\"https:\/\/c4fc.se\/?page_id=89\">\u00d6llsj\u00f6 Gul &#8211; H\u00e5l 1<\/a><\/li>\n<li class=\"page_item page-item-92\"><a href=\"https:\/\/c4fc.se\/?page_id=92\">\u00d6llsj\u00f6 Gul &#8211; H\u00e5l 2<\/a><\/li>\n<li class=\"page_item page-item-95\"><a href=\"https:\/\/c4fc.se\/?page_id=95\">\u00d6llsj\u00f6 Gul &#8211; H\u00e5l 3<\/a><\/li>\n<li class=\"page_item page-item-98\"><a href=\"https:\/\/c4fc.se\/?page_id=98\">\u00d6llsj\u00f6 Gul &#8211; H\u00e5l 4<\/a><\/li>\n<li class=\"page_item page-item-102\"><a href=\"https:\/\/c4fc.se\/?page_id=102\">\u00d6llsj\u00f6 Gul &#8211; H\u00e5l 5<\/a><\/li>\n<li class=\"page_item page-item-105\"><a href=\"https:\/\/c4fc.se\/?page_id=105\">\u00d6llsj\u00f6 Gul &#8211; H\u00e5l 6<\/a><\/li>\n<li class=\"page_item page-item-131\"><a href=\"https:\/\/c4fc.se\/?page_id=131\">\u00d6llsj\u00f6 Gul \u2013 H\u00e5l 7<\/a><\/li>\n<li class=\"page_item page-item-140\"><a href=\"https:\/\/c4fc.se\/?page_id=140\">\u00d6llsj\u00f6 Gul \u2013 H\u00e5l 8<\/a><\/li>\n<li class=\"page_item page-item-143\"><a href=\"https:\/\/c4fc.se\/?page_id=143\">\u00d6llsj\u00f6 Gul \u2013 H\u00e5l 9<\/a><\/li>\n\n<\/ul>","protected":false},"excerpt":{"rendered":"","protected":false},"author":1,"featured_media":0,"parent":84,"menu_order":3,"comment_status":"closed","ping_status":"closed","template":"","meta":{"footnotes":""},"yoast_head":"<!-- This site is optimized with the Yoast SEO plugin v22.5 - https:\/\/yoast.com\/wordpress\/plugins\/seo\/ -->\n<title>\u00d6llsj\u00f6 Gul - H\u00e5l 3 - C4FC<\/title>\n<meta name=\"robots\" content=\"index, follow, max-snippet:-1, max-image-preview:large, max-video-preview:-1\" \/>\n<link rel=\"canonical\" href=\"https:\/\/c4fc.se\/?page_id=95\" \/>\n<meta property=\"og:locale\" content=\"en_US\" \/>\n<meta property=\"og:type\" content=\"article\" \/>\n<meta property=\"og:title\" content=\"\u00d6llsj\u00f6 Gul - H\u00e5l 3 - C4FC\" \/>\n<meta property=\"og:url\" content=\"https:\/\/c4fc.se\/?page_id=95\" \/>\n<meta property=\"og:site_name\" content=\"C4FC\" \/>\n<meta property=\"article:publisher\" content=\"https:\/\/www.facebook.com\/groups\/1053968791322662\" \/>\n<meta property=\"article:modified_time\" content=\"2023-02-08T12:14:32+00:00\" \/>\n<meta property=\"og:image\" content=\"https:\/\/c4fc.se\/wp-content\/uploads\/2022\/02\/slide3.jpg\" \/>\n<meta name=\"twitter:card\" content=\"summary_large_image\" \/>\n<meta name=\"twitter:label1\" content=\"Est. reading time\" \/>\n\t<meta name=\"twitter:data1\" content=\"1 minute\" \/>\n<script type=\"application\/ld+json\" class=\"yoast-schema-graph\">{\"@context\":\"https:\/\/schema.org\",\"@graph\":[{\"@type\":\"WebPage\",\"@id\":\"https:\/\/c4fc.se\/?page_id=95\",\"url\":\"https:\/\/c4fc.se\/?page_id=95\",\"name\":\"\u00d6llsj\u00f6 Gul - H\u00e5l 3 - C4FC\",\"isPartOf\":{\"@id\":\"https:\/\/c4fc.se\/#website\"},\"primaryImageOfPage\":{\"@id\":\"https:\/\/c4fc.se\/?page_id=95#primaryimage\"},\"image\":{\"@id\":\"https:\/\/c4fc.se\/?page_id=95#primaryimage\"},\"thumbnailUrl\":\"https:\/\/c4fc.se\/wp-content\/uploads\/2022\/02\/slide3.jpg\",\"datePublished\":\"2022-02-18T17:24:02+00:00\",\"dateModified\":\"2023-02-08T12:14:32+00:00\",\"breadcrumb\":{\"@id\":\"https:\/\/c4fc.se\/?page_id=95#breadcrumb\"},\"inLanguage\":\"en-US\",\"potentialAction\":[{\"@type\":\"ReadAction\",\"target\":[\"https:\/\/c4fc.se\/?page_id=95\"]}]},{\"@type\":\"ImageObject\",\"inLanguage\":\"en-US\",\"@id\":\"https:\/\/c4fc.se\/?page_id=95#primaryimage\",\"url\":\"https:\/\/c4fc.se\/wp-content\/uploads\/2022\/02\/slide3.jpg\",\"contentUrl\":\"https:\/\/c4fc.se\/wp-content\/uploads\/2022\/02\/slide3.jpg\",\"width\":720,\"height\":960},{\"@type\":\"BreadcrumbList\",\"@id\":\"https:\/\/c4fc.se\/?page_id=95#breadcrumb\",\"itemListElement\":[{\"@type\":\"ListItem\",\"position\":1,\"name\":\"Home\",\"item\":\"https:\/\/c4fc.se\/\"},{\"@type\":\"ListItem\",\"position\":2,\"name\":\"Banor\",\"item\":\"https:\/\/c4fc.se\/?page_id=238\"},{\"@type\":\"ListItem\",\"position\":3,\"name\":\"\u00d6llsj\u00f6 Main &#8211; Gul Slinga\",\"item\":\"https:\/\/c4fc.se\/?page_id=84\"},{\"@type\":\"ListItem\",\"position\":4,\"name\":\"\u00d6llsj\u00f6 Gul &#8211; H\u00e5l 3\"}]},{\"@type\":\"WebSite\",\"@id\":\"https:\/\/c4fc.se\/#website\",\"url\":\"https:\/\/c4fc.se\/\",\"name\":\"C4FC\",\"description\":\"Christianstad Frisbee Club\",\"publisher\":{\"@id\":\"https:\/\/c4fc.se\/#organization\"},\"potentialAction\":[{\"@type\":\"SearchAction\",\"target\":{\"@type\":\"EntryPoint\",\"urlTemplate\":\"https:\/\/c4fc.se\/?s={search_term_string}\"},\"query-input\":\"required name=search_term_string\"}],\"inLanguage\":\"en-US\"},{\"@type\":\"Organization\",\"@id\":\"https:\/\/c4fc.se\/#organization\",\"name\":\"Christianstad Frisbee Club\",\"alternateName\":\"C4FC\",\"url\":\"https:\/\/c4fc.se\/\",\"logo\":{\"@type\":\"ImageObject\",\"inLanguage\":\"en-US\",\"@id\":\"https:\/\/c4fc.se\/#\/schema\/logo\/image\/\",\"url\":\"https:\/\/c4fc.se\/wp-content\/uploads\/2022\/02\/logo-1.png\",\"contentUrl\":\"https:\/\/c4fc.se\/wp-content\/uploads\/2022\/02\/logo-1.png\",\"width\":190,\"height\":181,\"caption\":\"Christianstad Frisbee Club\"},\"image\":{\"@id\":\"https:\/\/c4fc.se\/#\/schema\/logo\/image\/\"},\"sameAs\":[\"https:\/\/www.facebook.com\/groups\/1053968791322662\",\"https:\/\/www.instagram.com\/c4fc.se\/\",\"https:\/\/www.tiktok.com\/@c4fc.se\"]}]}<\/script>\n<!-- \/ Yoast SEO plugin. -->","yoast_head_json":{"title":"\u00d6llsj\u00f6 Gul - H\u00e5l 3 - C4FC","robots":{"index":"index","follow":"follow","max-snippet":"max-snippet:-1","max-image-preview":"max-image-preview:large","max-video-preview":"max-video-preview:-1"},"canonical":"https:\/\/c4fc.se\/?page_id=95","og_locale":"en_US","og_type":"article","og_title":"\u00d6llsj\u00f6 Gul - H\u00e5l 3 - C4FC","og_url":"https:\/\/c4fc.se\/?page_id=95","og_site_name":"C4FC","article_publisher":"https:\/\/www.facebook.com\/groups\/1053968791322662","article_modified_time":"2023-02-08T12:14:32+00:00","og_image":[{"url":"https:\/\/c4fc.se\/wp-content\/uploads\/2022\/02\/slide3.jpg"}],"twitter_card":"summary_large_image","twitter_misc":{"Est. reading time":"1 minute"},"schema":{"@context":"https:\/\/schema.org","@graph":[{"@type":"WebPage","@id":"https:\/\/c4fc.se\/?page_id=95","url":"https:\/\/c4fc.se\/?page_id=95","name":"\u00d6llsj\u00f6 Gul - H\u00e5l 3 - C4FC","isPartOf":{"@id":"https:\/\/c4fc.se\/#website"},"primaryImageOfPage":{"@id":"https:\/\/c4fc.se\/?page_id=95#primaryimage"},"image":{"@id":"https:\/\/c4fc.se\/?page_id=95#primaryimage"},"thumbnailUrl":"https:\/\/c4fc.se\/wp-content\/uploads\/2022\/02\/slide3.jpg","datePublished":"2022-02-18T17:24:02+00:00","dateModified":"2023-02-08T12:14:32+00:00","breadcrumb":{"@id":"https:\/\/c4fc.se\/?page_id=95#breadcrumb"},"inLanguage":"en-US","potentialAction":[{"@type":"ReadAction","target":["https:\/\/c4fc.se\/?page_id=95"]}]},{"@type":"ImageObject","inLanguage":"en-US","@id":"https:\/\/c4fc.se\/?page_id=95#primaryimage","url":"https:\/\/c4fc.se\/wp-content\/uploads\/2022\/02\/slide3.jpg","contentUrl":"https:\/\/c4fc.se\/wp-content\/uploads\/2022\/02\/slide3.jpg","width":720,"height":960},{"@type":"BreadcrumbList","@id":"https:\/\/c4fc.se\/?page_id=95#breadcrumb","itemListElement":[{"@type":"ListItem","position":1,"name":"Home","item":"https:\/\/c4fc.se\/"},{"@type":"ListItem","position":2,"name":"Banor","item":"https:\/\/c4fc.se\/?page_id=238"},{"@type":"ListItem","position":3,"name":"\u00d6llsj\u00f6 Main &#8211; Gul Slinga","item":"https:\/\/c4fc.se\/?page_id=84"},{"@type":"ListItem","position":4,"name":"\u00d6llsj\u00f6 Gul &#8211; H\u00e5l 3"}]},{"@type":"WebSite","@id":"https:\/\/c4fc.se\/#website","url":"https:\/\/c4fc.se\/","name":"C4FC","description":"Christianstad Frisbee Club","publisher":{"@id":"https:\/\/c4fc.se\/#organization"},"potentialAction":[{"@type":"SearchAction","target":{"@type":"EntryPoint","urlTemplate":"https:\/\/c4fc.se\/?s={search_term_string}"},"query-input":"required name=search_term_string"}],"inLanguage":"en-US"},{"@type":"Organization","@id":"https:\/\/c4fc.se\/#organization","name":"Christianstad Frisbee Club","alternateName":"C4FC","url":"https:\/\/c4fc.se\/","logo":{"@type":"ImageObject","inLanguage":"en-US","@id":"https:\/\/c4fc.se\/#\/schema\/logo\/image\/","url":"https:\/\/c4fc.se\/wp-content\/uploads\/2022\/02\/logo-1.png","contentUrl":"https:\/\/c4fc.se\/wp-content\/uploads\/2022\/02\/logo-1.png","width":190,"height":181,"caption":"Christianstad Frisbee Club"},"image":{"@id":"https:\/\/c4fc.se\/#\/schema\/logo\/image\/"},"sameAs":["https:\/\/www.facebook.com\/groups\/1053968791322662","https:\/\/www.instagram.com\/c4fc.se\/","https:\/\/www.tiktok.com\/@c4fc.se"]}]}},"jetpack_sharing_enabled":true,"jetpack-related-posts":[],"_links":{"self":[{"href":"https:\/\/c4fc.se\/index.php?rest_route=\/wp\/v2\/pages\/95"}],"collection":[{"href":"https:\/\/c4fc.se\/index.php?rest_route=\/wp\/v2\/pages"}],"about":[{"href":"https:\/\/c4fc.se\/index.php?rest_route=\/wp\/v2\/types\/page"}],"author":[{"embeddable":true,"href":"https:\/\/c4fc.se\/index.php?rest_route=\/wp\/v2\/users\/1"}],"replies":[{"embeddable":true,"href":"https:\/\/c4fc.se\/index.php?rest_route=%2Fwp%2Fv2%2Fcomments&post=95"}],"version-history":[{"count":1,"href":"https:\/\/c4fc.se\/index.php?rest_route=\/wp\/v2\/pages\/95\/revisions"}],"predecessor-version":[{"id":453,"href":"https:\/\/c4fc.se\/index.php?rest_route=\/wp\/v2\/pages\/95\/revisions\/453"}],"up":[{"embeddable":true,"href":"https:\/\/c4fc.se\/index.php?rest_route=\/wp\/v2\/pages\/84"}],"wp:attachment":[{"href":"https:\/\/c4fc.se\/index.php?rest_route=%2Fwp%2Fv2%2Fmedia&parent=95"}],"curies":[{"name":"wp","href":"https:\/\/api.w.org\/{rel}","templated":true}]}}