{"id":44,"date":"2022-02-18T14:00:55","date_gmt":"2022-02-18T14:00:55","guid":{"rendered":"http:\/\/192.168.20.102\/?page_id=44"},"modified":"2023-02-03T11:35:35","modified_gmt":"2023-02-03T11:35:35","slug":"contact","status":"publish","type":"page","link":"https:\/\/c4fc.se\/?page_id=44","title":{"rendered":"Contact"},"content":{"rendered":"<div class=\"wp-block-columns alignfull is-layout-flex wp-container-core-columns-is-layout-1 wp-block-columns-is-layout-flex\"><div class=\"wp-block-column is-layout-flow wp-block-column-is-layout-flow\"><div style=\"width: 100%\"><iframe width=\"100%\" height=\"400\" frameborder=\"0\" scrolling=\"no\" marginheight=\"0\" marginwidth=\"0\" src=\"https:\/\/www.google.com\/maps\/embed?pb=!1m18!1m12!1m3!1d2230.570621139216!2d14.092745216125309!3d56.008789880622516!2m3!1f0!2f0!3f0!3m2!1i1024!2i768!4f13.1!3m3!1m2!1s0x46540489a3a2a629%3A0x44a18ec811c69c8a!2zw5ZsbHNqw7YgRnJpc2JlZWdvbGY!5e0!3m2!1ssv!2sse!4v1645233073535!5m2!1ssv!2sse\" width=\"600\" height=\"450\" style=\"border:0;\" allowfullscreen=\"\" loading=\"lazy\"><\/iframe><\/div>\n\n<p><\/p><\/div><\/div><div class=\"wp-block-columns container is-layout-flex wp-container-core-columns-is-layout-3 wp-block-columns-is-layout-flex\"><div class=\"wp-block-column is-vertically-aligned-center is-layout-flow wp-block-column-is-layout-flow\"><p>Kontakta Christianstad Frisbee Club (C4FC) i Kristianstad idag!<\/p>\n\n<p>Vi p\u00e5 Christianstad Frisbee Club (C4FC) vill alltid h\u00f6ra fr\u00e5n v\u00e5ra medlemmar och intresserade. Om du har fr\u00e5gor eller funderingar om v\u00e5r ungdomstr\u00e4ning i Discgolf i Kristianstad, v\u00e5ra t\u00e4vlingar eller n\u00e5got annat, \u00e4r du varmt v\u00e4lkommen att kontakta oss. Vi lovar att besvara dina fr\u00e5gor s\u00e5 snart vi kan.<\/p>\n\n<p>F\u00f6r att kontakta oss, anv\u00e4nd discord eller facebook gruppen, skriv en kort beskrivning av din f\u00f6rfr\u00e5gan s\u00e5 hj\u00e4lper vi dig s\u00e5 snart vi kan. Du kan ocks\u00e5 n\u00e5 oss via e-post p\u00e5 <a href=\"mailto:info.c4fc@gmail.com\">info.c4fc@gmail.com<\/a>] eller via telefon.<\/p>\n\n<p>Tack f\u00f6r ditt intresse f\u00f6r Christianstad Frisbee Club (C4FC) och vi ser fram emot att h\u00f6ra fr\u00e5n dig!<\/p>\n\n<p><\/p>\n\n<div style=\"height:40px\" aria-hidden=\"true\" class=\"wp-block-spacer\"><\/div><\/div>\n\n<div class=\"wp-block-column is-vertically-aligned-center is-layout-flow wp-block-column-is-layout-flow\"><div class=\"wp-block-columns is-layout-flex wp-container-core-columns-is-layout-2 wp-block-columns-is-layout-flex\"><div class=\"wp-block-column is-layout-flow wp-block-column-is-layout-flow\"><\/div>\n\n<div class=\"wp-block-column is-layout-flow wp-block-column-is-layout-flow\" style=\"flex-basis:50%\"><h4 class=\"has-text-align-left hestia-title has-text-color wp-block-heading\" id=\"find-us-at-the-office\" style=\"color:#3c4858;font-size:18px\"><img decoding=\"async\" class=\"wp-image-86\" style=\"width: 25px;\" src=\"https:\/\/c4fc.se\/wp-content\/themes\/hestia\/assets\/img\/contact1.png\" alt=\"Map icon\">  <strong>Find us at the office<\/strong><\/h4>\n\n<p class=\"has-text-align-left has-text-color\" style=\"color:#999999;font-size:14px\">Christianstad Frisbee Club<br>Magnus Rengman <br>Kung Valdemars v\u00e4g 32<br>29165&nbsp;Kristianstad<br>Sverige<\/p>\n\n<div style=\"height:40px\" aria-hidden=\"true\" class=\"wp-block-spacer\"><\/div>\n\n<h4 class=\"has-text-align-left hestia-title has-text-color wp-block-heading\" id=\"give-us-a-ring\" style=\"color:#3c4858;font-size:18px\"><img decoding=\"async\" class=\"wp-image-98\" style=\"width: 25px;\" src=\"https:\/\/c4fc.se\/wp-content\/themes\/hestia\/assets\/img\/contact2.png\" alt=\"\">  <strong><strong>Give us a ring<\/strong><\/strong><\/h4>\n\n<p class=\"has-text-align-left has-text-color\" style=\"color:#999999;font-size:14px\">Magnus Rengman<br>0708398474<\/p>\n\n<div style=\"height:40px\" aria-hidden=\"true\" class=\"wp-block-spacer\"><\/div><\/div>\n\n<div class=\"wp-block-column is-layout-flow wp-block-column-is-layout-flow\"><\/div><\/div><\/div><\/div>","protected":false},"excerpt":{"rendered":"<p>Kontakta Christianstad Frisbee Club (C4FC) i Kristianstad idag! Vi p\u00e5 Christianstad Frisbee Club (C4FC) vill alltid h\u00f6ra fr\u00e5n v\u00e5ra medlemmar och intresserade. Om du har fr\u00e5gor eller funderingar om v\u00e5r ungdomstr\u00e4ning i Discgolf i Kristianstad, v\u00e5ra t\u00e4vlingar eller n\u00e5got annat, \u00e4r du varmt v\u00e4lkommen att kontakta oss. Vi lovar att [&hellip;]<\/p>\n","protected":false},"author":1,"featured_media":36,"parent":0,"menu_order":0,"comment_status":"closed","ping_status":"closed","template":"page-templates\/template-pagebuilder-full-width.php","meta":{"footnotes":""},"yoast_head":"<!-- This site is optimized with the Yoast SEO plugin v22.5 - https:\/\/yoast.com\/wordpress\/plugins\/seo\/ -->\n<title>Contact - C4FC<\/title>\n<meta name=\"robots\" content=\"index, follow, max-snippet:-1, max-image-preview:large, max-video-preview:-1\" \/>\n<link rel=\"canonical\" href=\"https:\/\/c4fc.se\/?page_id=44\" \/>\n<meta property=\"og:locale\" content=\"en_US\" \/>\n<meta property=\"og:type\" content=\"article\" \/>\n<meta property=\"og:title\" content=\"Contact - C4FC\" \/>\n<meta property=\"og:description\" content=\"Kontakta Christianstad Frisbee Club (C4FC) i Kristianstad idag! Vi p\u00e5 Christianstad Frisbee Club (C4FC) vill alltid h\u00f6ra fr\u00e5n v\u00e5ra medlemmar och intresserade. Om du har fr\u00e5gor eller funderingar om v\u00e5r ungdomstr\u00e4ning i Discgolf i Kristianstad, v\u00e5ra t\u00e4vlingar eller n\u00e5got annat, \u00e4r du varmt v\u00e4lkommen att kontakta oss. Vi lovar att [&hellip;]\" \/>\n<meta property=\"og:url\" content=\"https:\/\/c4fc.se\/?page_id=44\" \/>\n<meta property=\"og:site_name\" content=\"C4FC\" \/>\n<meta property=\"article:publisher\" content=\"https:\/\/www.facebook.com\/groups\/1053968791322662\" \/>\n<meta property=\"article:modified_time\" content=\"2023-02-03T11:35:35+00:00\" \/>\n<meta property=\"og:image\" content=\"https:\/\/i0.wp.com\/c4fc.se\/wp-content\/uploads\/2022\/02\/contact-2.jpg?fit=1024%2C683&ssl=1\" \/>\n\t<meta property=\"og:image:width\" content=\"1024\" \/>\n\t<meta property=\"og:image:height\" content=\"683\" \/>\n\t<meta property=\"og:image:type\" content=\"image\/jpeg\" \/>\n<meta name=\"twitter:card\" content=\"summary_large_image\" \/>\n<meta name=\"twitter:label1\" content=\"Est. reading time\" \/>\n\t<meta name=\"twitter:data1\" content=\"1 minute\" \/>\n<script type=\"application\/ld+json\" class=\"yoast-schema-graph\">{\"@context\":\"https:\/\/schema.org\",\"@graph\":[{\"@type\":\"WebPage\",\"@id\":\"https:\/\/c4fc.se\/?page_id=44\",\"url\":\"https:\/\/c4fc.se\/?page_id=44\",\"name\":\"Contact - C4FC\",\"isPartOf\":{\"@id\":\"https:\/\/c4fc.se\/#website\"},\"primaryImageOfPage\":{\"@id\":\"https:\/\/c4fc.se\/?page_id=44#primaryimage\"},\"image\":{\"@id\":\"https:\/\/c4fc.se\/?page_id=44#primaryimage\"},\"thumbnailUrl\":\"https:\/\/c4fc.se\/wp-content\/uploads\/2022\/02\/contact-2.jpg\",\"datePublished\":\"2022-02-18T14:00:55+00:00\",\"dateModified\":\"2023-02-03T11:35:35+00:00\",\"breadcrumb\":{\"@id\":\"https:\/\/c4fc.se\/?page_id=44#breadcrumb\"},\"inLanguage\":\"en-US\",\"potentialAction\":[{\"@type\":\"ReadAction\",\"target\":[\"https:\/\/c4fc.se\/?page_id=44\"]}]},{\"@type\":\"ImageObject\",\"inLanguage\":\"en-US\",\"@id\":\"https:\/\/c4fc.se\/?page_id=44#primaryimage\",\"url\":\"https:\/\/c4fc.se\/wp-content\/uploads\/2022\/02\/contact-2.jpg\",\"contentUrl\":\"https:\/\/c4fc.se\/wp-content\/uploads\/2022\/02\/contact-2.jpg\",\"width\":1024,\"height\":683},{\"@type\":\"BreadcrumbList\",\"@id\":\"https:\/\/c4fc.se\/?page_id=44#breadcrumb\",\"itemListElement\":[{\"@type\":\"ListItem\",\"position\":1,\"name\":\"Home\",\"item\":\"https:\/\/c4fc.se\/\"},{\"@type\":\"ListItem\",\"position\":2,\"name\":\"Contact\"}]},{\"@type\":\"WebSite\",\"@id\":\"https:\/\/c4fc.se\/#website\",\"url\":\"https:\/\/c4fc.se\/\",\"name\":\"C4FC\",\"description\":\"Christianstad Frisbee Club\",\"publisher\":{\"@id\":\"https:\/\/c4fc.se\/#organization\"},\"potentialAction\":[{\"@type\":\"SearchAction\",\"target\":{\"@type\":\"EntryPoint\",\"urlTemplate\":\"https:\/\/c4fc.se\/?s={search_term_string}\"},\"query-input\":\"required name=search_term_string\"}],\"inLanguage\":\"en-US\"},{\"@type\":\"Organization\",\"@id\":\"https:\/\/c4fc.se\/#organization\",\"name\":\"Christianstad Frisbee Club\",\"alternateName\":\"C4FC\",\"url\":\"https:\/\/c4fc.se\/\",\"logo\":{\"@type\":\"ImageObject\",\"inLanguage\":\"en-US\",\"@id\":\"https:\/\/c4fc.se\/#\/schema\/logo\/image\/\",\"url\":\"https:\/\/c4fc.se\/wp-content\/uploads\/2022\/02\/logo-1.png\",\"contentUrl\":\"https:\/\/c4fc.se\/wp-content\/uploads\/2022\/02\/logo-1.png\",\"width\":190,\"height\":181,\"caption\":\"Christianstad Frisbee Club\"},\"image\":{\"@id\":\"https:\/\/c4fc.se\/#\/schema\/logo\/image\/\"},\"sameAs\":[\"https:\/\/www.facebook.com\/groups\/1053968791322662\",\"https:\/\/www.instagram.com\/c4fc.se\/\",\"https:\/\/www.tiktok.com\/@c4fc.se\"]}]}<\/script>\n<!-- \/ Yoast SEO plugin. -->","yoast_head_json":{"title":"Contact - C4FC","robots":{"index":"index","follow":"follow","max-snippet":"max-snippet:-1","max-image-preview":"max-image-preview:large","max-video-preview":"max-video-preview:-1"},"canonical":"https:\/\/c4fc.se\/?page_id=44","og_locale":"en_US","og_type":"article","og_title":"Contact - C4FC","og_description":"Kontakta Christianstad Frisbee Club (C4FC) i Kristianstad idag! Vi p\u00e5 Christianstad Frisbee Club (C4FC) vill alltid h\u00f6ra fr\u00e5n v\u00e5ra medlemmar och intresserade. Om du har fr\u00e5gor eller funderingar om v\u00e5r ungdomstr\u00e4ning i Discgolf i Kristianstad, v\u00e5ra t\u00e4vlingar eller n\u00e5got annat, \u00e4r du varmt v\u00e4lkommen att kontakta oss. Vi lovar att [&hellip;]","og_url":"https:\/\/c4fc.se\/?page_id=44","og_site_name":"C4FC","article_publisher":"https:\/\/www.facebook.com\/groups\/1053968791322662","article_modified_time":"2023-02-03T11:35:35+00:00","og_image":[{"width":1024,"height":683,"url":"https:\/\/i0.wp.com\/c4fc.se\/wp-content\/uploads\/2022\/02\/contact-2.jpg?fit=1024%2C683&ssl=1","type":"image\/jpeg"}],"twitter_card":"summary_large_image","twitter_misc":{"Est. reading time":"1 minute"},"schema":{"@context":"https:\/\/schema.org","@graph":[{"@type":"WebPage","@id":"https:\/\/c4fc.se\/?page_id=44","url":"https:\/\/c4fc.se\/?page_id=44","name":"Contact - C4FC","isPartOf":{"@id":"https:\/\/c4fc.se\/#website"},"primaryImageOfPage":{"@id":"https:\/\/c4fc.se\/?page_id=44#primaryimage"},"image":{"@id":"https:\/\/c4fc.se\/?page_id=44#primaryimage"},"thumbnailUrl":"https:\/\/c4fc.se\/wp-content\/uploads\/2022\/02\/contact-2.jpg","datePublished":"2022-02-18T14:00:55+00:00","dateModified":"2023-02-03T11:35:35+00:00","breadcrumb":{"@id":"https:\/\/c4fc.se\/?page_id=44#breadcrumb"},"inLanguage":"en-US","potentialAction":[{"@type":"ReadAction","target":["https:\/\/c4fc.se\/?page_id=44"]}]},{"@type":"ImageObject","inLanguage":"en-US","@id":"https:\/\/c4fc.se\/?page_id=44#primaryimage","url":"https:\/\/c4fc.se\/wp-content\/uploads\/2022\/02\/contact-2.jpg","contentUrl":"https:\/\/c4fc.se\/wp-content\/uploads\/2022\/02\/contact-2.jpg","width":1024,"height":683},{"@type":"BreadcrumbList","@id":"https:\/\/c4fc.se\/?page_id=44#breadcrumb","itemListElement":[{"@type":"ListItem","position":1,"name":"Home","item":"https:\/\/c4fc.se\/"},{"@type":"ListItem","position":2,"name":"Contact"}]},{"@type":"WebSite","@id":"https:\/\/c4fc.se\/#website","url":"https:\/\/c4fc.se\/","name":"C4FC","description":"Christianstad Frisbee Club","publisher":{"@id":"https:\/\/c4fc.se\/#organization"},"potentialAction":[{"@type":"SearchAction","target":{"@type":"EntryPoint","urlTemplate":"https:\/\/c4fc.se\/?s={search_term_string}"},"query-input":"required name=search_term_string"}],"inLanguage":"en-US"},{"@type":"Organization","@id":"https:\/\/c4fc.se\/#organization","name":"Christianstad Frisbee Club","alternateName":"C4FC","url":"https:\/\/c4fc.se\/","logo":{"@type":"ImageObject","inLanguage":"en-US","@id":"https:\/\/c4fc.se\/#\/schema\/logo\/image\/","url":"https:\/\/c4fc.se\/wp-content\/uploads\/2022\/02\/logo-1.png","contentUrl":"https:\/\/c4fc.se\/wp-content\/uploads\/2022\/02\/logo-1.png","width":190,"height":181,"caption":"Christianstad Frisbee Club"},"image":{"@id":"https:\/\/c4fc.se\/#\/schema\/logo\/image\/"},"sameAs":["https:\/\/www.facebook.com\/groups\/1053968791322662","https:\/\/www.instagram.com\/c4fc.se\/","https:\/\/www.tiktok.com\/@c4fc.se"]}]}},"jetpack_sharing_enabled":true,"jetpack-related-posts":[],"_links":{"self":[{"href":"https:\/\/c4fc.se\/index.php?rest_route=\/wp\/v2\/pages\/44"}],"collection":[{"href":"https:\/\/c4fc.se\/index.php?rest_route=\/wp\/v2\/pages"}],"about":[{"href":"https:\/\/c4fc.se\/index.php?rest_route=\/wp\/v2\/types\/page"}],"author":[{"embeddable":true,"href":"https:\/\/c4fc.se\/index.php?rest_route=\/wp\/v2\/users\/1"}],"replies":[{"embeddable":true,"href":"https:\/\/c4fc.se\/index.php?rest_route=%2Fwp%2Fv2%2Fcomments&post=44"}],"version-history":[{"count":0,"href":"https:\/\/c4fc.se\/index.php?rest_route=\/wp\/v2\/pages\/44\/revisions"}],"wp:featuredmedia":[{"embeddable":true,"href":"https:\/\/c4fc.se\/index.php?rest_route=\/wp\/v2\/media\/36"}],"wp:attachment":[{"href":"https:\/\/c4fc.se\/index.php?rest_route=%2Fwp%2Fv2%2Fmedia&parent=44"}],"curies":[{"name":"wp","href":"https:\/\/api.w.org\/{rel}","templated":true}]}}