{"id":43,"date":"2022-02-18T14:00:55","date_gmt":"2022-02-18T14:00:55","guid":{"rendered":"http:\/\/192.168.20.102\/?page_id=43"},"modified":"2023-09-28T12:24:06","modified_gmt":"2023-09-28T12:24:06","slug":"home","status":"publish","type":"page","link":"https:\/\/c4fc.se\/","title":{"rendered":"Home"},"content":{"rendered":"<p><strong>Christianstad Frisbee F\u00f6rening<\/strong>\u00a0bildades h\u00f6sten 2015. Klubben best\u00e5r av drygt 50 medlemmar (inklusive st\u00f6dmedlemmar) och vi bedriver b\u00e5de senior -och ungdomsverksamhet. F\u00f6reningen v\u00e4xer stadigt och utvecklas succesivt d\u00e5 fler och fler hittar ut till banan och\u00a0 uppt\u00e4cker denna h\u00e4rliga aktivitet\u00a0\u00a0<\/p><p>I dagsl\u00e4get har Kristianstad tv\u00e5 discgolfbanor som \u00e4ven klubben anv\u00e4nder sig av. Kommunens senaste tillskott (2023) ligger p\u00e5 Wendesomr\u00e5det (gamla A3 omr\u00e5det i \u00c5sum strax utanf\u00f6r Kristianstad). Detta \u00e4r en skogsbana d\u00e4r man kan njuta av b\u00e5de barrskog s\u00e5v\u00e4l som h\u00e4rliga bokskog men \u00e4ven n\u00e5gra lite \u00f6ppnare h\u00e5l. Detta g\u00f6r att man utmanas med ganska blandade h\u00e5l och lite olika typer av kast. Banan skulle klassas som medel i sv\u00e5righet. Milj\u00f6n ute p\u00e5 Wendes \u00e4r helt magisk med fantastisk natur blandat med h\u00e4rliga klassiska milit\u00e4rbyggnader.<br>Den andra banan som finns till v\u00e5rt f\u00f6rfogande \u00e4r den helt fantastiska nyb\u00f6rjarbanan som ligger vid \u00d6llsj\u00f6 bost\u00e4lle strax utanf\u00f6r Kristianstad. Detta \u00e4r den gamla banan som anv\u00e4nts av klubben under m\u00e5nga \u00e5r. Banans fantastiska nio h\u00e5l \u00e4r av den l\u00e4ttare naturen och d\u00e4rf\u00f6r har klubben \u00e4ven valt att g\u00f6ra en extra str\u00e4ckning d\u00e4r som kallas vita slingan. Det \u00e4r en safaribana och str\u00e4cker sig kors och tv\u00e4rs \u00f6ver omr\u00e5det. Ungef\u00e4r samma sv\u00e5righetsgrad som den nya banan p\u00e5 Wendes men betydligt \u00f6ppnare och kr\u00e4ver aningen l\u00e4ngre kast. Om man \u00e4nd\u00e5 tycker att den gula orginalslingan i \u00d6llsj\u00f6 k\u00e4nns lite tuff, eller vill tr\u00e4na p\u00e5 lite kortare kast s\u00e5 finns \u00e4ven en lite kortare str\u00e4ckning som kallas bl\u00e5a slingan.<br>B\u00e5de Wendes och \u00d6llsj\u00f6park bes\u00f6ks av mer \u00e4n discgolfare s\u00e5 man ska t\u00e4nka p\u00e5 att folk som \u00e4r ute och g\u00e5r eller cyklar i omr\u00e5det alltid har f\u00f6rtur s\u00e5 kasta aldrig om det finns risk att r\u00e5ka tr\u00e4ffa n\u00e5gon, vi samsas om utrymmet och i \u00e4rlighetens namn, det \u00e4r s\u00e4llan eller aldrig n\u00e5got problem. <\/p><p><\/p><p>Genom att bli medlem i f\u00f6reningen och komma ut till n\u00e5gon av banorna s\u00e5 blir sporten \u00e4nnu roligare och du l\u00e4r dig snabbare d\u00e5 du kommer att f\u00e5 massa tips och inspiration fr\u00e5n klubbens n\u00e5got mer erfarna spelare. Under v\u00e5r\/sommar\/h\u00f6st s\u00e5 anordnar klubben veckokastning d\u00e4r ALLA medlemmar \u00e4r v\u00e4lkomna oavsett hur l\u00e4nge man spelat eller hur duktig man \u00e4r. Veckokastningarna brukar avslutas med klubbm\u00e4sterskap under h\u00f6sten.<\/p><p>\u00a0Bes\u00f6k oss g\u00e4rna p\u00e5 Facebook d\u00e4r vi\u00a0i forumet kommer att diskutera allt mellan himmel och jord n\u00e4r det g\u00e4ller att kasta discar och d\u00e4r man som ny givetvis ska ta chansen att st\u00e4lla fr\u00e5gor. <\/p><p><a href=\"https:\/\/www.facebook.com\/groups\/1053968791322662\/\">https:\/\/www.facebook.com\/groups\/1053968791322662\/<\/a><\/p>","protected":false},"excerpt":{"rendered":"<p>Christianstad Frisbee F\u00f6rening\u00a0bildades h\u00f6sten 2015. Klubben best\u00e5r av drygt 50 medlemmar (inklusive st\u00f6dmedlemmar) och vi bedriver b\u00e5de senior -och ungdomsverksamhet. F\u00f6reningen v\u00e4xer stadigt och utvecklas succesivt d\u00e5 fler och fler hittar ut till banan och\u00a0 uppt\u00e4cker denna h\u00e4rliga aktivitet\u00a0\u00a0 I dagsl\u00e4get har Kristianstad tv\u00e5 discgolfbanor som \u00e4ven klubben anv\u00e4nder sig [&hellip;]<\/p>\n","protected":false},"author":1,"featured_media":74,"parent":0,"menu_order":0,"comment_status":"closed","ping_status":"closed","template":"","meta":{"footnotes":""},"yoast_head":"<!-- This site is optimized with the Yoast SEO plugin v22.5 - https:\/\/yoast.com\/wordpress\/plugins\/seo\/ -->\n<title>Home - C4FC<\/title>\n<meta name=\"robots\" content=\"index, follow, max-snippet:-1, max-image-preview:large, max-video-preview:-1\" \/>\n<link rel=\"canonical\" href=\"https:\/\/c4fc.se\/\" \/>\n<meta property=\"og:locale\" content=\"en_US\" \/>\n<meta property=\"og:type\" content=\"article\" \/>\n<meta property=\"og:title\" content=\"Home - C4FC\" \/>\n<meta property=\"og:description\" content=\"Christianstad Frisbee F\u00f6rening\u00a0bildades h\u00f6sten 2015. Klubben best\u00e5r av drygt 50 medlemmar (inklusive st\u00f6dmedlemmar) och vi bedriver b\u00e5de senior -och ungdomsverksamhet. F\u00f6reningen v\u00e4xer stadigt och utvecklas succesivt d\u00e5 fler och fler hittar ut till banan och\u00a0 uppt\u00e4cker denna h\u00e4rliga aktivitet\u00a0\u00a0 I dagsl\u00e4get har Kristianstad tv\u00e5 discgolfbanor som \u00e4ven klubben anv\u00e4nder sig [&hellip;]\" \/>\n<meta property=\"og:url\" content=\"https:\/\/c4fc.se\/\" \/>\n<meta property=\"og:site_name\" content=\"C4FC\" \/>\n<meta property=\"article:publisher\" content=\"https:\/\/www.facebook.com\/groups\/1053968791322662\" \/>\n<meta property=\"article:modified_time\" content=\"2023-09-28T12:24:06+00:00\" \/>\n<meta property=\"og:image\" content=\"https:\/\/c4fc.se\/wp-content\/uploads\/2022\/02\/241866176_4191074394343734_3748664533478084577_n.jpg\" \/>\n\t<meta property=\"og:image:width\" content=\"2016\" \/>\n\t<meta property=\"og:image:height\" content=\"1512\" \/>\n\t<meta property=\"og:image:type\" content=\"image\/jpeg\" \/>\n<meta name=\"twitter:card\" content=\"summary_large_image\" \/>\n<meta name=\"twitter:label1\" content=\"Est. reading time\" \/>\n\t<meta name=\"twitter:data1\" content=\"2 minutes\" \/>\n<script type=\"application\/ld+json\" class=\"yoast-schema-graph\">{\"@context\":\"https:\/\/schema.org\",\"@graph\":[{\"@type\":\"WebPage\",\"@id\":\"https:\/\/c4fc.se\/\",\"url\":\"https:\/\/c4fc.se\/\",\"name\":\"Home - C4FC\",\"isPartOf\":{\"@id\":\"https:\/\/c4fc.se\/#website\"},\"primaryImageOfPage\":{\"@id\":\"https:\/\/c4fc.se\/#primaryimage\"},\"image\":{\"@id\":\"https:\/\/c4fc.se\/#primaryimage\"},\"thumbnailUrl\":\"https:\/\/c4fc.se\/wp-content\/uploads\/2022\/02\/241866176_4191074394343734_3748664533478084577_n.jpg\",\"datePublished\":\"2022-02-18T14:00:55+00:00\",\"dateModified\":\"2023-09-28T12:24:06+00:00\",\"breadcrumb\":{\"@id\":\"https:\/\/c4fc.se\/#breadcrumb\"},\"inLanguage\":\"en-US\",\"potentialAction\":[{\"@type\":\"ReadAction\",\"target\":[\"https:\/\/c4fc.se\/\"]}]},{\"@type\":\"ImageObject\",\"inLanguage\":\"en-US\",\"@id\":\"https:\/\/c4fc.se\/#primaryimage\",\"url\":\"https:\/\/c4fc.se\/wp-content\/uploads\/2022\/02\/241866176_4191074394343734_3748664533478084577_n.jpg\",\"contentUrl\":\"https:\/\/c4fc.se\/wp-content\/uploads\/2022\/02\/241866176_4191074394343734_3748664533478084577_n.jpg\",\"width\":2016,\"height\":1512},{\"@type\":\"BreadcrumbList\",\"@id\":\"https:\/\/c4fc.se\/#breadcrumb\",\"itemListElement\":[{\"@type\":\"ListItem\",\"position\":1,\"name\":\"Home\",\"item\":\"https:\/\/c4fc.se\/\"},{\"@type\":\"ListItem\",\"position\":2,\"name\":\"Home\"}]},{\"@type\":\"WebSite\",\"@id\":\"https:\/\/c4fc.se\/#website\",\"url\":\"https:\/\/c4fc.se\/\",\"name\":\"C4FC\",\"description\":\"Christianstad Frisbee Club\",\"publisher\":{\"@id\":\"https:\/\/c4fc.se\/#organization\"},\"potentialAction\":[{\"@type\":\"SearchAction\",\"target\":{\"@type\":\"EntryPoint\",\"urlTemplate\":\"https:\/\/c4fc.se\/?s={search_term_string}\"},\"query-input\":\"required name=search_term_string\"}],\"inLanguage\":\"en-US\"},{\"@type\":\"Organization\",\"@id\":\"https:\/\/c4fc.se\/#organization\",\"name\":\"Christianstad Frisbee Club\",\"alternateName\":\"C4FC\",\"url\":\"https:\/\/c4fc.se\/\",\"logo\":{\"@type\":\"ImageObject\",\"inLanguage\":\"en-US\",\"@id\":\"https:\/\/c4fc.se\/#\/schema\/logo\/image\/\",\"url\":\"https:\/\/c4fc.se\/wp-content\/uploads\/2022\/02\/logo-1.png\",\"contentUrl\":\"https:\/\/c4fc.se\/wp-content\/uploads\/2022\/02\/logo-1.png\",\"width\":190,\"height\":181,\"caption\":\"Christianstad Frisbee Club\"},\"image\":{\"@id\":\"https:\/\/c4fc.se\/#\/schema\/logo\/image\/\"},\"sameAs\":[\"https:\/\/www.facebook.com\/groups\/1053968791322662\",\"https:\/\/www.instagram.com\/c4fc.se\/\",\"https:\/\/www.tiktok.com\/@c4fc.se\"]}]}<\/script>\n<!-- \/ Yoast SEO plugin. -->","yoast_head_json":{"title":"Home - C4FC","robots":{"index":"index","follow":"follow","max-snippet":"max-snippet:-1","max-image-preview":"max-image-preview:large","max-video-preview":"max-video-preview:-1"},"canonical":"https:\/\/c4fc.se\/","og_locale":"en_US","og_type":"article","og_title":"Home - C4FC","og_description":"Christianstad Frisbee F\u00f6rening\u00a0bildades h\u00f6sten 2015. Klubben best\u00e5r av drygt 50 medlemmar (inklusive st\u00f6dmedlemmar) och vi bedriver b\u00e5de senior -och ungdomsverksamhet. F\u00f6reningen v\u00e4xer stadigt och utvecklas succesivt d\u00e5 fler och fler hittar ut till banan och\u00a0 uppt\u00e4cker denna h\u00e4rliga aktivitet\u00a0\u00a0 I dagsl\u00e4get har Kristianstad tv\u00e5 discgolfbanor som \u00e4ven klubben anv\u00e4nder sig [&hellip;]","og_url":"https:\/\/c4fc.se\/","og_site_name":"C4FC","article_publisher":"https:\/\/www.facebook.com\/groups\/1053968791322662","article_modified_time":"2023-09-28T12:24:06+00:00","og_image":[{"width":2016,"height":1512,"url":"https:\/\/c4fc.se\/wp-content\/uploads\/2022\/02\/241866176_4191074394343734_3748664533478084577_n.jpg","type":"image\/jpeg"}],"twitter_card":"summary_large_image","twitter_misc":{"Est. reading time":"2 minutes"},"schema":{"@context":"https:\/\/schema.org","@graph":[{"@type":"WebPage","@id":"https:\/\/c4fc.se\/","url":"https:\/\/c4fc.se\/","name":"Home - C4FC","isPartOf":{"@id":"https:\/\/c4fc.se\/#website"},"primaryImageOfPage":{"@id":"https:\/\/c4fc.se\/#primaryimage"},"image":{"@id":"https:\/\/c4fc.se\/#primaryimage"},"thumbnailUrl":"https:\/\/c4fc.se\/wp-content\/uploads\/2022\/02\/241866176_4191074394343734_3748664533478084577_n.jpg","datePublished":"2022-02-18T14:00:55+00:00","dateModified":"2023-09-28T12:24:06+00:00","breadcrumb":{"@id":"https:\/\/c4fc.se\/#breadcrumb"},"inLanguage":"en-US","potentialAction":[{"@type":"ReadAction","target":["https:\/\/c4fc.se\/"]}]},{"@type":"ImageObject","inLanguage":"en-US","@id":"https:\/\/c4fc.se\/#primaryimage","url":"https:\/\/c4fc.se\/wp-content\/uploads\/2022\/02\/241866176_4191074394343734_3748664533478084577_n.jpg","contentUrl":"https:\/\/c4fc.se\/wp-content\/uploads\/2022\/02\/241866176_4191074394343734_3748664533478084577_n.jpg","width":2016,"height":1512},{"@type":"BreadcrumbList","@id":"https:\/\/c4fc.se\/#breadcrumb","itemListElement":[{"@type":"ListItem","position":1,"name":"Home","item":"https:\/\/c4fc.se\/"},{"@type":"ListItem","position":2,"name":"Home"}]},{"@type":"WebSite","@id":"https:\/\/c4fc.se\/#website","url":"https:\/\/c4fc.se\/","name":"C4FC","description":"Christianstad Frisbee Club","publisher":{"@id":"https:\/\/c4fc.se\/#organization"},"potentialAction":[{"@type":"SearchAction","target":{"@type":"EntryPoint","urlTemplate":"https:\/\/c4fc.se\/?s={search_term_string}"},"query-input":"required name=search_term_string"}],"inLanguage":"en-US"},{"@type":"Organization","@id":"https:\/\/c4fc.se\/#organization","name":"Christianstad Frisbee Club","alternateName":"C4FC","url":"https:\/\/c4fc.se\/","logo":{"@type":"ImageObject","inLanguage":"en-US","@id":"https:\/\/c4fc.se\/#\/schema\/logo\/image\/","url":"https:\/\/c4fc.se\/wp-content\/uploads\/2022\/02\/logo-1.png","contentUrl":"https:\/\/c4fc.se\/wp-content\/uploads\/2022\/02\/logo-1.png","width":190,"height":181,"caption":"Christianstad Frisbee Club"},"image":{"@id":"https:\/\/c4fc.se\/#\/schema\/logo\/image\/"},"sameAs":["https:\/\/www.facebook.com\/groups\/1053968791322662","https:\/\/www.instagram.com\/c4fc.se\/","https:\/\/www.tiktok.com\/@c4fc.se"]}]}},"jetpack_sharing_enabled":true,"jetpack-related-posts":[],"_links":{"self":[{"href":"https:\/\/c4fc.se\/index.php?rest_route=\/wp\/v2\/pages\/43"}],"collection":[{"href":"https:\/\/c4fc.se\/index.php?rest_route=\/wp\/v2\/pages"}],"about":[{"href":"https:\/\/c4fc.se\/index.php?rest_route=\/wp\/v2\/types\/page"}],"author":[{"embeddable":true,"href":"https:\/\/c4fc.se\/index.php?rest_route=\/wp\/v2\/users\/1"}],"replies":[{"embeddable":true,"href":"https:\/\/c4fc.se\/index.php?rest_route=%2Fwp%2Fv2%2Fcomments&post=43"}],"version-history":[{"count":2,"href":"https:\/\/c4fc.se\/index.php?rest_route=\/wp\/v2\/pages\/43\/revisions"}],"predecessor-version":[{"id":602,"href":"https:\/\/c4fc.se\/index.php?rest_route=\/wp\/v2\/pages\/43\/revisions\/602"}],"wp:featuredmedia":[{"embeddable":true,"href":"https:\/\/c4fc.se\/index.php?rest_route=\/wp\/v2\/media\/74"}],"wp:attachment":[{"href":"https:\/\/c4fc.se\/index.php?rest_route=%2Fwp%2Fv2%2Fmedia&parent=43"}],"curies":[{"name":"wp","href":"https:\/\/api.w.org\/{rel}","templated":true}]}}