{"id":406,"date":"2023-02-05T23:52:06","date_gmt":"2023-02-05T23:52:06","guid":{"rendered":"https:\/\/c4fc.se\/?page_id=406"},"modified":"2023-03-02T13:09:55","modified_gmt":"2023-03-02T13:09:55","slug":"bli-en-sponsor-for-var-klubb","status":"publish","type":"page","link":"https:\/\/c4fc.se\/?page_id=406","title":{"rendered":"Bli en sponsor f\u00f6r v\u00e5r klubb!"},"content":{"rendered":"<p>V\u00e4lkommen till C4FC, en frisbeeklubb med passion och driv! Genom att bli en sponsor f\u00f6r v\u00e5r klubb f\u00e5r du m\u00f6jlighet att synas p\u00e5 en m\u00e4ngd olika plattformar och samtidigt bidra till utvecklingen av frisbeesporten i Kristianstad.<\/p><p>Sponsorpaket:<br>Vi erbjuder tre niv\u00e5er av sponsring: Guld, Silver och Brons. Varje paket ger olika f\u00f6rm\u00e5ner, s\u00e5v\u00e4l p\u00e5 representationstr\u00f6jorna som p\u00e5 v\u00e5r hemsida och vid t\u00e4vlingar och prisutdelningar.<br><\/p><p>GULD:<br>Stor Logotype p\u00e5 f\u00f6reningens representationsst\u00e4ll (\u201dmatchkl\u00e4der\u201d), placering rygg eller mage\/br\u00f6st*<br>R\u00e4tt till en klubbtr\u00f6ja*<br>Eget sponsorh\u00e5l \u2013 f\u00f6retagsskylt p\u00e5 Tee-sign skylt 200 x 200 mm, samt f\u00f6retagsnamnet p\u00e5 en \u00f6vergripande sponsortavla.<br>Logotype och produktplacering p\u00e5 hemsidan<br>Omn\u00e4mnanden och F\u00f6retagslogotype p\u00e5 anslag vid t\u00e4vlingar anordnade av f\u00f6reningen<br>Omn\u00e4mnande av f\u00f6retaget vid prisutdelning d\u00e4r klubbmedlemmar lyckas placera sig p\u00e5 prispallen<br>M\u00f6jlighet till ett f\u00f6retagsevent med l\u00e5n av discar samt en instrukt\u00f6rsledd genomg\u00e5ng av spelet (v\u00e4rde 2500 kr, upp till 10 deltagare)<\/p><p><br><\/p><p>SILVER:<\/p><p>Eget sponsorh\u00e5l \u2013 f\u00f6retagsskylt p\u00e5 Tee-sign skylt 200 x 200 mm, samt f\u00f6retagsnamnet p\u00e5 en \u00f6vergripande sponsortavla.<br>Logotype och produktplacering p\u00e5 hemsidan<br>Omn\u00e4mnanden och F\u00f6retagslogotype p\u00e5 anslag vid t\u00e4vlingar anordnade av f\u00f6reningen<br>Omn\u00e4mnande av f\u00f6retaget vid prisutdelning d\u00e4r klubbmedlemmar lyckas placera sig p\u00e5 prispallen<br>M\u00f6jlighet till ett f\u00f6retagsevent med l\u00e5n av discar samt en instrukt\u00f6rsledd genomg\u00e5ng av spelet (v\u00e4rde 1750 kr, upp till 7 deltagare)<\/p><p><br><\/p><p>BRONS:<br>Logotype och produktplacering p\u00e5 hemsidan<br>Omn\u00e4mnanden och F\u00f6retagslogotype p\u00e5 anslag vid t\u00e4vlingar anordnade av f\u00f6reningen<br>Omn\u00e4mnande av f\u00f6retaget vid prisutdelning d\u00e4r klubbmedlemmar lyckas placera sig p\u00e5 prispallen<br>M\u00f6jlighet till ett f\u00f6retagsevent med l\u00e5n av discar samt en instrukt\u00f6rsledd genomg\u00e5ng av spelet (v\u00e4rde 1250 kr, upp till 5 deltagare)<\/p><p><br>(*1 G\u00e4ller vid framtagande av nya representationsst\u00e4ll \u2013 n\u00e4sta g\u00e5ng \u00e5r 2024)<\/p><p>Kontakt:<br>Om du \u00e4r intresserad av att bli en sponsor f\u00f6r v\u00e5r klubb, v\u00e4nligen kontakta oss. Vi ser fram emot att samarbeta med dig!<\/p>","protected":false},"excerpt":{"rendered":"<p>V\u00e4lkommen till C4FC, en frisbeeklubb med passion och driv! Genom att bli en sponsor f\u00f6r v\u00e5r klubb f\u00e5r du m\u00f6jlighet att synas p\u00e5 en m\u00e4ngd olika plattformar och samtidigt bidra till utvecklingen av frisbeesporten i Kristianstad. Sponsorpaket:Vi erbjuder tre niv\u00e5er av sponsring: Guld, Silver och Brons. Varje paket ger olika [&hellip;]<\/p>\n","protected":false},"author":1,"featured_media":0,"parent":0,"menu_order":0,"comment_status":"closed","ping_status":"closed","template":"","meta":{"footnotes":""},"yoast_head":"<!-- This site is optimized with the Yoast SEO plugin v22.5 - https:\/\/yoast.com\/wordpress\/plugins\/seo\/ -->\n<title>Bli en sponsor f\u00f6r v\u00e5r klubb! - C4FC<\/title>\n<meta name=\"robots\" content=\"index, follow, max-snippet:-1, max-image-preview:large, max-video-preview:-1\" \/>\n<link rel=\"canonical\" href=\"https:\/\/c4fc.se\/?page_id=406\" \/>\n<meta property=\"og:locale\" content=\"en_US\" \/>\n<meta property=\"og:type\" content=\"article\" \/>\n<meta property=\"og:title\" content=\"Bli en sponsor f\u00f6r v\u00e5r klubb! - C4FC\" \/>\n<meta property=\"og:description\" content=\"V\u00e4lkommen till C4FC, en frisbeeklubb med passion och driv! Genom att bli en sponsor f\u00f6r v\u00e5r klubb f\u00e5r du m\u00f6jlighet att synas p\u00e5 en m\u00e4ngd olika plattformar och samtidigt bidra till utvecklingen av frisbeesporten i Kristianstad. Sponsorpaket:Vi erbjuder tre niv\u00e5er av sponsring: Guld, Silver och Brons. Varje paket ger olika [&hellip;]\" \/>\n<meta property=\"og:url\" content=\"https:\/\/c4fc.se\/?page_id=406\" \/>\n<meta property=\"og:site_name\" content=\"C4FC\" \/>\n<meta property=\"article:publisher\" content=\"https:\/\/www.facebook.com\/groups\/1053968791322662\" \/>\n<meta property=\"article:modified_time\" content=\"2023-03-02T13:09:55+00:00\" \/>\n<meta name=\"twitter:card\" content=\"summary_large_image\" \/>\n<meta name=\"twitter:label1\" content=\"Est. reading time\" \/>\n\t<meta name=\"twitter:data1\" content=\"2 minutes\" \/>\n<script type=\"application\/ld+json\" class=\"yoast-schema-graph\">{\"@context\":\"https:\/\/schema.org\",\"@graph\":[{\"@type\":\"WebPage\",\"@id\":\"https:\/\/c4fc.se\/?page_id=406\",\"url\":\"https:\/\/c4fc.se\/?page_id=406\",\"name\":\"Bli en sponsor f\u00f6r v\u00e5r klubb! - C4FC\",\"isPartOf\":{\"@id\":\"https:\/\/c4fc.se\/#website\"},\"datePublished\":\"2023-02-05T23:52:06+00:00\",\"dateModified\":\"2023-03-02T13:09:55+00:00\",\"breadcrumb\":{\"@id\":\"https:\/\/c4fc.se\/?page_id=406#breadcrumb\"},\"inLanguage\":\"en-US\",\"potentialAction\":[{\"@type\":\"ReadAction\",\"target\":[\"https:\/\/c4fc.se\/?page_id=406\"]}]},{\"@type\":\"BreadcrumbList\",\"@id\":\"https:\/\/c4fc.se\/?page_id=406#breadcrumb\",\"itemListElement\":[{\"@type\":\"ListItem\",\"position\":1,\"name\":\"Home\",\"item\":\"https:\/\/c4fc.se\/\"},{\"@type\":\"ListItem\",\"position\":2,\"name\":\"Bli en sponsor f\u00f6r v\u00e5r klubb!\"}]},{\"@type\":\"WebSite\",\"@id\":\"https:\/\/c4fc.se\/#website\",\"url\":\"https:\/\/c4fc.se\/\",\"name\":\"C4FC\",\"description\":\"Christianstad Frisbee Club\",\"publisher\":{\"@id\":\"https:\/\/c4fc.se\/#organization\"},\"potentialAction\":[{\"@type\":\"SearchAction\",\"target\":{\"@type\":\"EntryPoint\",\"urlTemplate\":\"https:\/\/c4fc.se\/?s={search_term_string}\"},\"query-input\":\"required name=search_term_string\"}],\"inLanguage\":\"en-US\"},{\"@type\":\"Organization\",\"@id\":\"https:\/\/c4fc.se\/#organization\",\"name\":\"Christianstad Frisbee Club\",\"alternateName\":\"C4FC\",\"url\":\"https:\/\/c4fc.se\/\",\"logo\":{\"@type\":\"ImageObject\",\"inLanguage\":\"en-US\",\"@id\":\"https:\/\/c4fc.se\/#\/schema\/logo\/image\/\",\"url\":\"https:\/\/c4fc.se\/wp-content\/uploads\/2022\/02\/logo-1.png\",\"contentUrl\":\"https:\/\/c4fc.se\/wp-content\/uploads\/2022\/02\/logo-1.png\",\"width\":190,\"height\":181,\"caption\":\"Christianstad Frisbee Club\"},\"image\":{\"@id\":\"https:\/\/c4fc.se\/#\/schema\/logo\/image\/\"},\"sameAs\":[\"https:\/\/www.facebook.com\/groups\/1053968791322662\",\"https:\/\/www.instagram.com\/c4fc.se\/\",\"https:\/\/www.tiktok.com\/@c4fc.se\"]}]}<\/script>\n<!-- \/ Yoast SEO plugin. -->","yoast_head_json":{"title":"Bli en sponsor f\u00f6r v\u00e5r klubb! - C4FC","robots":{"index":"index","follow":"follow","max-snippet":"max-snippet:-1","max-image-preview":"max-image-preview:large","max-video-preview":"max-video-preview:-1"},"canonical":"https:\/\/c4fc.se\/?page_id=406","og_locale":"en_US","og_type":"article","og_title":"Bli en sponsor f\u00f6r v\u00e5r klubb! - C4FC","og_description":"V\u00e4lkommen till C4FC, en frisbeeklubb med passion och driv! Genom att bli en sponsor f\u00f6r v\u00e5r klubb f\u00e5r du m\u00f6jlighet att synas p\u00e5 en m\u00e4ngd olika plattformar och samtidigt bidra till utvecklingen av frisbeesporten i Kristianstad. Sponsorpaket:Vi erbjuder tre niv\u00e5er av sponsring: Guld, Silver och Brons. Varje paket ger olika [&hellip;]","og_url":"https:\/\/c4fc.se\/?page_id=406","og_site_name":"C4FC","article_publisher":"https:\/\/www.facebook.com\/groups\/1053968791322662","article_modified_time":"2023-03-02T13:09:55+00:00","twitter_card":"summary_large_image","twitter_misc":{"Est. reading time":"2 minutes"},"schema":{"@context":"https:\/\/schema.org","@graph":[{"@type":"WebPage","@id":"https:\/\/c4fc.se\/?page_id=406","url":"https:\/\/c4fc.se\/?page_id=406","name":"Bli en sponsor f\u00f6r v\u00e5r klubb! - C4FC","isPartOf":{"@id":"https:\/\/c4fc.se\/#website"},"datePublished":"2023-02-05T23:52:06+00:00","dateModified":"2023-03-02T13:09:55+00:00","breadcrumb":{"@id":"https:\/\/c4fc.se\/?page_id=406#breadcrumb"},"inLanguage":"en-US","potentialAction":[{"@type":"ReadAction","target":["https:\/\/c4fc.se\/?page_id=406"]}]},{"@type":"BreadcrumbList","@id":"https:\/\/c4fc.se\/?page_id=406#breadcrumb","itemListElement":[{"@type":"ListItem","position":1,"name":"Home","item":"https:\/\/c4fc.se\/"},{"@type":"ListItem","position":2,"name":"Bli en sponsor f\u00f6r v\u00e5r klubb!"}]},{"@type":"WebSite","@id":"https:\/\/c4fc.se\/#website","url":"https:\/\/c4fc.se\/","name":"C4FC","description":"Christianstad Frisbee Club","publisher":{"@id":"https:\/\/c4fc.se\/#organization"},"potentialAction":[{"@type":"SearchAction","target":{"@type":"EntryPoint","urlTemplate":"https:\/\/c4fc.se\/?s={search_term_string}"},"query-input":"required name=search_term_string"}],"inLanguage":"en-US"},{"@type":"Organization","@id":"https:\/\/c4fc.se\/#organization","name":"Christianstad Frisbee Club","alternateName":"C4FC","url":"https:\/\/c4fc.se\/","logo":{"@type":"ImageObject","inLanguage":"en-US","@id":"https:\/\/c4fc.se\/#\/schema\/logo\/image\/","url":"https:\/\/c4fc.se\/wp-content\/uploads\/2022\/02\/logo-1.png","contentUrl":"https:\/\/c4fc.se\/wp-content\/uploads\/2022\/02\/logo-1.png","width":190,"height":181,"caption":"Christianstad Frisbee Club"},"image":{"@id":"https:\/\/c4fc.se\/#\/schema\/logo\/image\/"},"sameAs":["https:\/\/www.facebook.com\/groups\/1053968791322662","https:\/\/www.instagram.com\/c4fc.se\/","https:\/\/www.tiktok.com\/@c4fc.se"]}]}},"jetpack_sharing_enabled":true,"jetpack-related-posts":[],"_links":{"self":[{"href":"https:\/\/c4fc.se\/index.php?rest_route=\/wp\/v2\/pages\/406"}],"collection":[{"href":"https:\/\/c4fc.se\/index.php?rest_route=\/wp\/v2\/pages"}],"about":[{"href":"https:\/\/c4fc.se\/index.php?rest_route=\/wp\/v2\/types\/page"}],"author":[{"embeddable":true,"href":"https:\/\/c4fc.se\/index.php?rest_route=\/wp\/v2\/users\/1"}],"replies":[{"embeddable":true,"href":"https:\/\/c4fc.se\/index.php?rest_route=%2Fwp%2Fv2%2Fcomments&post=406"}],"version-history":[{"count":1,"href":"https:\/\/c4fc.se\/index.php?rest_route=\/wp\/v2\/pages\/406\/revisions"}],"predecessor-version":[{"id":492,"href":"https:\/\/c4fc.se\/index.php?rest_route=\/wp\/v2\/pages\/406\/revisions\/492"}],"wp:attachment":[{"href":"https:\/\/c4fc.se\/index.php?rest_route=%2Fwp%2Fv2%2Fmedia&parent=406"}],"curies":[{"name":"wp","href":"https:\/\/api.w.org\/{rel}","templated":true}]}}