{"id":383,"date":"2023-01-31T18:12:01","date_gmt":"2023-01-31T18:12:01","guid":{"rendered":"https:\/\/c4fc.se\/?page_id=383"},"modified":"2023-01-31T18:16:31","modified_gmt":"2023-01-31T18:16:31","slug":"discgolf","status":"publish","type":"page","link":"https:\/\/c4fc.se\/?page_id=383","title":{"rendered":"Discgolf Information"},"content":{"rendered":"<h2 class=\"wp-block-heading\">Historik<\/h2><p>Enligt Victor Malafronte och hans bok &#8220;The Complete Book of Frisbee&#8221; har discgolf spelats i olika former sedan tidigt 1900-tal. Det finns rapporter om ett g\u00e4ng ungdomar som spelade en variant av discgolf 1926. De anv\u00e4nde burklock (<em>tin lid<\/em>) och spelade p\u00e5 en bana p\u00e5 skolomr\u00e5det. De kallade sj\u00e4lva sin sport f\u00f6r&nbsp;<em>Tin Lid Golf<\/em>&nbsp;(ungef\u00e4r \u201dburklocksgolf&#8221;). Den moderna formen av discgolf anses dock h\u00e4rstamma fr\u00e5n 1960-talet d\u00e5 personer p\u00e5 olika platser och oberoende av varandra b\u00f6rjade spela mer organiserat, mest k\u00e4nda \u00e4r George Sappenfield och &#8220;Steady&#8221; Ed Headrick.<\/p><p>Sappenfield arbetade p\u00e5 den tiden som rekreationsledare f\u00f6r barn. Under en golfrunda t\u00e4nkte han att det borde vara kul f\u00f6r barn att spela&nbsp;golf, men med en frisbee. Han satte upp en provisorisk bana med stolpar och tr\u00e4d som m\u00e5l d\u00e4r barnen fick prova att spela. Namnet discgolf myntades av Headrick (ocks\u00e5 k\u00e4nd som discgolfens fader). Det var ocks\u00e5 han som 1975 introducerade den moderna discgolfkorgen med kedjor och korg i metall, kallad Mach 1.<\/p><h2 class=\"wp-block-heading\">F\u00f6rsta banan<\/h2><p>Genom Sappenfields inflytande och kontakter sattes det upp en provisorisk bana i anslutning till&nbsp;universitetet i Berkeley&nbsp;i&nbsp;Kalifornien. Banan var mycket uppskattad och blev permanent 1970. Den f\u00f6rsta banan med moderna metallkorgar planerades och sattes upp av Headrick 1975 i Oak Grove Park i&nbsp;Pasadena&nbsp;i Kalifornien. Parken finns \u00e4n idag och g\u00e5r under namnet Oak Grove (Hahamongna Park).<\/p><h2 class=\"wp-block-heading\">F\u00f6rsta svenska banan<\/h2><p>Stenungsundsbanan anlades 1976 av Gunnar Kenne och JP Gardshol och var f\u00f6rst ut i Sverige, d\u00e5 med bunkerh\u00e5l, men under 1980 uppgraderades banan och kedjeh\u00e5l b\u00f6rjade anv\u00e4ndas.<\/p><h2 class=\"wp-block-heading\">Bana<\/h2><p>En discgolfbana best\u00e5r oftast av 18 h\u00e5l, men har ibland 9 eller 27 h\u00e5l. Banans sv\u00e5righeter best\u00e5r av h\u00e5lens l\u00e4ngd, eventuella hinder i form av tr\u00e4d, buskar, vattendrag samt h\u00f6jdskillnader. Vid bl\u00e5st fungerar \u00e4ven vinden som en sv\u00e5righet att bem\u00e4stra. Vanliga underlag \u00e4r gr\u00e4s, \u00e4ngs- eller skogsmark.<\/p><p>De flesta banor \u00e4r gratis att spela p\u00e5 men i takt med att sporten blivit mer professionell har det \u00e4ven b\u00f6rjat dyka upp professionellt drivna discgolfbanor som det kostar att spela p\u00e5. N\u00e5gra av de mest k\u00e4nda banorna i Sverige \u00e4r Ale Disc Golf Center utanf\u00f6r G\u00f6teborg, Discgolfterminalen utanf\u00f6r Skellefte\u00e5 och J\u00e4rva Discgolfpark utanf\u00f6r Stockholm<\/p><h2 class=\"wp-block-heading\">H\u00e5l<\/h2><p>Ett h\u00e5l best\u00e5r av ett utkast och en korg. V\u00e4gen d\u00e4remellan som oftast \u00e4r 50 till 200 meter l\u00e5ngt utg\u00f6r sj\u00e4lva h\u00e5lets spelplan. Den t\u00e4nkta kastv\u00e4gen p\u00e5 ett h\u00e5l kallas&nbsp;<em>fairway<\/em>, medan omr\u00e5det l\u00e4ngre ifr\u00e5n, som oftast har l\u00e4ngre gr\u00e4s, sly, och skog; kallas f\u00f6r&nbsp;<em>ruff<\/em>. Oftast har en bana ingen fast gr\u00e4ns utan de naturliga inslagen av till exempel skog och buskar fungerar som en naturlig inramning. Det \u00e4r dock inte ovanligt att det finns fasta gr\u00e4nser i form av g\u00e5ng- eller cykelv\u00e4gar och vattendrag. Om discen landar utanf\u00f6r en fast gr\u00e4ns kallas detta OB, kort f\u00f6r&nbsp;<em>Out of Bounds<\/em>. Likt traditionell golf har varje h\u00e5l ett par som indikerar hur m\u00e5nga kast det b\u00f6r ta f\u00f6r att klara h\u00e5let.<\/p><h2 class=\"wp-block-heading\">Regler i korthet<\/h2><p>Alla spelare kastar ut fr\u00e5n h\u00e5lets markerade utkast. Sedan forts\u00e4tter spelet med att den spelare vars disc ligger l\u00e4ngst ifr\u00e5n korgen kastar sin disc fr\u00e5n den plats discen landade. H\u00e5let \u00e4r avslutat n\u00e4r alla spelare har f\u00e5tt sin disc att stanna i korgen eller de tillh\u00f6rande kedjorna. Den spelare som hade l\u00e4gst antal kast p\u00e5 f\u00f6reg\u00e5ende h\u00e5l inleder med utkast p\u00e5 n\u00e4sta h\u00e5l. Den spelare som har minst antal kast totalt n\u00e4r alla h\u00e5l \u00e4r spelade vinner rundan.<\/p><h2 class=\"wp-block-heading\">Utrustning<\/h2><p>Vid t\u00e4vling \u00e4r det vanligt att man anv\u00e4nder sig av en minidisc, en mark\u00f6r som anv\u00e4nds f\u00f6r att markera var discen landat. \u00d6vrig utrustning \u00e4r tillbeh\u00f6r som till exempel paraply, handduk, vattenflaska och sj\u00e4lvklart en form av v\u00e4ska att b\u00e4ra utrustningen i.<\/p><h2 class=\"wp-block-heading\">Disctyper<\/h2><p>En disc kan ha olika egenskaper. Hur en disc r\u00f6r sig genom luften beror p\u00e5 hur&nbsp;\u00f6verstabil&nbsp;(0-+5) kontra&nbsp;understabil&nbsp;(-5-+1) den \u00e4r och vilken fart (1-14) samt glid (1-7) discen har. \u00c4ven om man kan spela med endast en disc \u00e4r det f\u00f6rdelaktigt att anv\u00e4nda olika discar anpassade f\u00f6r olika behov.<\/p><h4 class=\"wp-block-heading\">Driver<\/h4><p>Drivers anv\u00e4nds framf\u00f6rallt p\u00e5 utkastet n\u00e4r man vill kasta l\u00e5ngt, men anv\u00e4nds \u00e4ven f\u00f6r andra typer av kast. Drivers har l\u00e5g och spetsig profil. Detta g\u00f6r att de sk\u00e4r bra genom luften och d\u00e4rmed till\u00e5ts flyga mycket snabbt. Det finns tv\u00e5 typer av driver:&nbsp;<em>distance driver<\/em>&nbsp;\u00e4r en disc som \u00e4r gjord f\u00f6r maximal snabbhet och distans, samt&nbsp;<em>fairway driver<\/em>&nbsp;som \u00e4r en lite l\u00e5ngsammare variant.<\/p><h4 class=\"wp-block-heading\">Putter<\/h4><p>Putt-discar (putters) \u00e4r driverns motsats och anv\u00e4nds vid puttar p\u00e5 korg eller kortare kast d\u00e4r precision \u00e4r viktigare \u00e4n l\u00e4ngd. Profilen p\u00e5 en typisk putter \u00e4r trubbig och tjock. Det ger en l\u00e5ngsammare flykt men med h\u00f6gre precision. Generellt \u00e4r puttrar ocks\u00e5 mjukare f\u00f6r att minska studs och f\u00e5ngas b\u00e4ttre av kedjorna.<\/p><h4 class=\"wp-block-heading\">Midrange<\/h4><p>Midrangen anv\u00e4nds f\u00f6r medell\u00e5nga kast och kan s\u00e4gas vara ett mellanting mellan driver och putter.<\/p><p><\/p><p>Mer information kan hittas p\u00e5 <a href=\"https:\/\/sv.wikipedia.org\/wiki\/Discgolf\" data-type=\"URL\" data-id=\"https:\/\/sv.wikipedia.org\/wiki\/Discgolf\" target=\"_blank\" rel=\"noreferrer noopener\">wikipedia <\/a>eller p\u00e5 <a href=\"https:\/\/en.wikipedia.org\/wiki\/Disc_golf\" data-type=\"URL\" data-id=\"https:\/\/en.wikipedia.org\/wiki\/Disc_golf\" target=\"_blank\" rel=\"noreferrer noopener\">engelska<\/a><\/p><p><\/p>","protected":false},"excerpt":{"rendered":"<p>Historik Enligt Victor Malafronte och hans bok &#8220;The Complete Book of Frisbee&#8221; har discgolf spelats i olika former sedan tidigt 1900-tal. Det finns rapporter om ett g\u00e4ng ungdomar som spelade en variant av discgolf 1926. De anv\u00e4nde burklock (tin lid) och spelade p\u00e5 en bana p\u00e5 skolomr\u00e5det. De kallade sj\u00e4lva [&hellip;]<\/p>\n","protected":false},"author":1,"featured_media":0,"parent":0,"menu_order":0,"comment_status":"closed","ping_status":"closed","template":"","meta":{"footnotes":""},"yoast_head":"<!-- This site is optimized with the Yoast SEO plugin v22.5 - https:\/\/yoast.com\/wordpress\/plugins\/seo\/ -->\n<title>Discgolf Information - C4FC<\/title>\n<meta name=\"robots\" content=\"index, follow, max-snippet:-1, max-image-preview:large, max-video-preview:-1\" \/>\n<link rel=\"canonical\" href=\"https:\/\/c4fc.se\/?page_id=383\" \/>\n<meta property=\"og:locale\" content=\"en_US\" \/>\n<meta property=\"og:type\" content=\"article\" \/>\n<meta property=\"og:title\" content=\"Discgolf Information - C4FC\" \/>\n<meta property=\"og:description\" content=\"Historik Enligt Victor Malafronte och hans bok &#8220;The Complete Book of Frisbee&#8221; har discgolf spelats i olika former sedan tidigt 1900-tal. Det finns rapporter om ett g\u00e4ng ungdomar som spelade en variant av discgolf 1926. De anv\u00e4nde burklock (tin lid) och spelade p\u00e5 en bana p\u00e5 skolomr\u00e5det. De kallade sj\u00e4lva [&hellip;]\" \/>\n<meta property=\"og:url\" content=\"https:\/\/c4fc.se\/?page_id=383\" \/>\n<meta property=\"og:site_name\" content=\"C4FC\" \/>\n<meta property=\"article:publisher\" content=\"https:\/\/www.facebook.com\/groups\/1053968791322662\" \/>\n<meta property=\"article:modified_time\" content=\"2023-01-31T18:16:31+00:00\" \/>\n<meta name=\"twitter:card\" content=\"summary_large_image\" \/>\n<meta name=\"twitter:label1\" content=\"Est. reading time\" \/>\n\t<meta name=\"twitter:data1\" content=\"5 minutes\" \/>\n<script type=\"application\/ld+json\" class=\"yoast-schema-graph\">{\"@context\":\"https:\/\/schema.org\",\"@graph\":[{\"@type\":\"WebPage\",\"@id\":\"https:\/\/c4fc.se\/?page_id=383\",\"url\":\"https:\/\/c4fc.se\/?page_id=383\",\"name\":\"Discgolf Information - C4FC\",\"isPartOf\":{\"@id\":\"https:\/\/c4fc.se\/#website\"},\"datePublished\":\"2023-01-31T18:12:01+00:00\",\"dateModified\":\"2023-01-31T18:16:31+00:00\",\"breadcrumb\":{\"@id\":\"https:\/\/c4fc.se\/?page_id=383#breadcrumb\"},\"inLanguage\":\"en-US\",\"potentialAction\":[{\"@type\":\"ReadAction\",\"target\":[\"https:\/\/c4fc.se\/?page_id=383\"]}]},{\"@type\":\"BreadcrumbList\",\"@id\":\"https:\/\/c4fc.se\/?page_id=383#breadcrumb\",\"itemListElement\":[{\"@type\":\"ListItem\",\"position\":1,\"name\":\"Home\",\"item\":\"https:\/\/c4fc.se\/\"},{\"@type\":\"ListItem\",\"position\":2,\"name\":\"Discgolf Information\"}]},{\"@type\":\"WebSite\",\"@id\":\"https:\/\/c4fc.se\/#website\",\"url\":\"https:\/\/c4fc.se\/\",\"name\":\"C4FC\",\"description\":\"Christianstad Frisbee Club\",\"publisher\":{\"@id\":\"https:\/\/c4fc.se\/#organization\"},\"potentialAction\":[{\"@type\":\"SearchAction\",\"target\":{\"@type\":\"EntryPoint\",\"urlTemplate\":\"https:\/\/c4fc.se\/?s={search_term_string}\"},\"query-input\":\"required name=search_term_string\"}],\"inLanguage\":\"en-US\"},{\"@type\":\"Organization\",\"@id\":\"https:\/\/c4fc.se\/#organization\",\"name\":\"Christianstad Frisbee Club\",\"alternateName\":\"C4FC\",\"url\":\"https:\/\/c4fc.se\/\",\"logo\":{\"@type\":\"ImageObject\",\"inLanguage\":\"en-US\",\"@id\":\"https:\/\/c4fc.se\/#\/schema\/logo\/image\/\",\"url\":\"https:\/\/c4fc.se\/wp-content\/uploads\/2022\/02\/logo-1.png\",\"contentUrl\":\"https:\/\/c4fc.se\/wp-content\/uploads\/2022\/02\/logo-1.png\",\"width\":190,\"height\":181,\"caption\":\"Christianstad Frisbee Club\"},\"image\":{\"@id\":\"https:\/\/c4fc.se\/#\/schema\/logo\/image\/\"},\"sameAs\":[\"https:\/\/www.facebook.com\/groups\/1053968791322662\",\"https:\/\/www.instagram.com\/c4fc.se\/\",\"https:\/\/www.tiktok.com\/@c4fc.se\"]}]}<\/script>\n<!-- \/ Yoast SEO plugin. -->","yoast_head_json":{"title":"Discgolf Information - C4FC","robots":{"index":"index","follow":"follow","max-snippet":"max-snippet:-1","max-image-preview":"max-image-preview:large","max-video-preview":"max-video-preview:-1"},"canonical":"https:\/\/c4fc.se\/?page_id=383","og_locale":"en_US","og_type":"article","og_title":"Discgolf Information - C4FC","og_description":"Historik Enligt Victor Malafronte och hans bok &#8220;The Complete Book of Frisbee&#8221; har discgolf spelats i olika former sedan tidigt 1900-tal. Det finns rapporter om ett g\u00e4ng ungdomar som spelade en variant av discgolf 1926. De anv\u00e4nde burklock (tin lid) och spelade p\u00e5 en bana p\u00e5 skolomr\u00e5det. De kallade sj\u00e4lva [&hellip;]","og_url":"https:\/\/c4fc.se\/?page_id=383","og_site_name":"C4FC","article_publisher":"https:\/\/www.facebook.com\/groups\/1053968791322662","article_modified_time":"2023-01-31T18:16:31+00:00","twitter_card":"summary_large_image","twitter_misc":{"Est. reading time":"5 minutes"},"schema":{"@context":"https:\/\/schema.org","@graph":[{"@type":"WebPage","@id":"https:\/\/c4fc.se\/?page_id=383","url":"https:\/\/c4fc.se\/?page_id=383","name":"Discgolf Information - C4FC","isPartOf":{"@id":"https:\/\/c4fc.se\/#website"},"datePublished":"2023-01-31T18:12:01+00:00","dateModified":"2023-01-31T18:16:31+00:00","breadcrumb":{"@id":"https:\/\/c4fc.se\/?page_id=383#breadcrumb"},"inLanguage":"en-US","potentialAction":[{"@type":"ReadAction","target":["https:\/\/c4fc.se\/?page_id=383"]}]},{"@type":"BreadcrumbList","@id":"https:\/\/c4fc.se\/?page_id=383#breadcrumb","itemListElement":[{"@type":"ListItem","position":1,"name":"Home","item":"https:\/\/c4fc.se\/"},{"@type":"ListItem","position":2,"name":"Discgolf Information"}]},{"@type":"WebSite","@id":"https:\/\/c4fc.se\/#website","url":"https:\/\/c4fc.se\/","name":"C4FC","description":"Christianstad Frisbee Club","publisher":{"@id":"https:\/\/c4fc.se\/#organization"},"potentialAction":[{"@type":"SearchAction","target":{"@type":"EntryPoint","urlTemplate":"https:\/\/c4fc.se\/?s={search_term_string}"},"query-input":"required name=search_term_string"}],"inLanguage":"en-US"},{"@type":"Organization","@id":"https:\/\/c4fc.se\/#organization","name":"Christianstad Frisbee Club","alternateName":"C4FC","url":"https:\/\/c4fc.se\/","logo":{"@type":"ImageObject","inLanguage":"en-US","@id":"https:\/\/c4fc.se\/#\/schema\/logo\/image\/","url":"https:\/\/c4fc.se\/wp-content\/uploads\/2022\/02\/logo-1.png","contentUrl":"https:\/\/c4fc.se\/wp-content\/uploads\/2022\/02\/logo-1.png","width":190,"height":181,"caption":"Christianstad Frisbee Club"},"image":{"@id":"https:\/\/c4fc.se\/#\/schema\/logo\/image\/"},"sameAs":["https:\/\/www.facebook.com\/groups\/1053968791322662","https:\/\/www.instagram.com\/c4fc.se\/","https:\/\/www.tiktok.com\/@c4fc.se"]}]}},"jetpack_sharing_enabled":true,"jetpack-related-posts":[],"_links":{"self":[{"href":"https:\/\/c4fc.se\/index.php?rest_route=\/wp\/v2\/pages\/383"}],"collection":[{"href":"https:\/\/c4fc.se\/index.php?rest_route=\/wp\/v2\/pages"}],"about":[{"href":"https:\/\/c4fc.se\/index.php?rest_route=\/wp\/v2\/types\/page"}],"author":[{"embeddable":true,"href":"https:\/\/c4fc.se\/index.php?rest_route=\/wp\/v2\/users\/1"}],"replies":[{"embeddable":true,"href":"https:\/\/c4fc.se\/index.php?rest_route=%2Fwp%2Fv2%2Fcomments&post=383"}],"version-history":[{"count":0,"href":"https:\/\/c4fc.se\/index.php?rest_route=\/wp\/v2\/pages\/383\/revisions"}],"wp:attachment":[{"href":"https:\/\/c4fc.se\/index.php?rest_route=%2Fwp%2Fv2%2Fmedia&parent=383"}],"curies":[{"name":"wp","href":"https:\/\/api.w.org\/{rel}","templated":true}]}}