{"id":381,"date":"2023-01-31T18:01:52","date_gmt":"2023-01-31T18:01:52","guid":{"rendered":"https:\/\/c4fc.se\/?page_id=381"},"modified":"2023-09-28T12:31:07","modified_gmt":"2023-09-28T12:31:07","slug":"discgolf-i-kristianstad-och-nordostra-skane","status":"publish","type":"page","link":"https:\/\/c4fc.se\/?page_id=381","title":{"rendered":"Discgolf i Kristianstad och Nord\u00f6stra Sk\u00e5ne"},"content":{"rendered":"<p>Letar du efter en rolig aktivitet att g\u00f6ra med v\u00e4nner eller kollegor i Kristianstad och Nord\u00f6stra Sk\u00e5ne? <br>D\u00e5 har du hittat r\u00e4tt! Discgolf kombinerar golfens traditionella regler med frisbee ist\u00e4llet f\u00f6r klubbor och boll. Discgolf \u00e4r ett bra s\u00e4tt att komma utomhus, utmana sig sj\u00e4lv och ha en trevlig stund med v\u00e4nner eller kollegor. P\u00e5 Christianstad Frisbee Club erbjuder vi den perfekta milj\u00f6n f\u00f6r discgolf med en bana i \u00d6llsj\u00f6 park i Kristianstad som passar f\u00f6r nyb\u00f6rjare som inbiten. <br>Vi tillhandah\u00e5ller all n\u00f6dv\u00e4ndig utrustning, s\u00e5som discar(Frisbees) och instrukt\u00f6rer, f\u00f6r olika evenemang inklusive m\u00f6hippa, svensexa, f\u00f6retagsevent eller bara en rolig dag med v\u00e4nner eller familj. Oavsett om du \u00e4r nyb\u00f6rjare eller en erfaren discgolfare, erbjuder v\u00e5r bana en rolig och sp\u00e4nnande upplevelse f\u00f6r alla. V\u00e5ra instrukt\u00f6rer \u00e4r kunniga och v\u00e4nliga och ger alltid r\u00e5d och v\u00e4gledning f\u00f6r att hj\u00e4lpa dig att f\u00f6rb\u00e4ttra ditt spel. Om du letar efter en rolig och unik aktivitet att g\u00f6ra i Kristianstad och nord\u00f6stra Sk\u00e5ne, leta inte l\u00e4ngre \u00e4n discgolf p\u00e5 Christianstad Frisbee Club. <br>Med st\u00f6d av oss med utrustning och kunniga instrukt\u00f6rer kommer du garanterat att ha en fantastisk tid och skapa best\u00e5ende minnen. S\u00e5 kom och f\u00f6lj med oss p\u00e5 en rolig dag med discgolf och skapa minnen som kommer att vara livet ut!<br>I \u00d6llsj\u00f6 park finns det grillplats, lekplats, skatepark, fotbollsplan om man vill g\u00f6ra sin aktivitet till en heldag. <br><br>Skicka ett mail eller ring, information finns <a href=\"https:\/\/c4fc.se\/?page_id=44\">h\u00e4r<\/a>. <\/p>","protected":false},"excerpt":{"rendered":"<p>Letar du efter en rolig aktivitet att g\u00f6ra med v\u00e4nner eller kollegor i Kristianstad och Nord\u00f6stra Sk\u00e5ne? D\u00e5 har du hittat r\u00e4tt! Discgolf kombinerar golfens traditionella regler med frisbee ist\u00e4llet f\u00f6r klubbor och boll. Discgolf \u00e4r ett bra s\u00e4tt att komma utomhus, utmana sig sj\u00e4lv och ha en trevlig stund [&hellip;]<\/p>\n","protected":false},"author":1,"featured_media":0,"parent":0,"menu_order":0,"comment_status":"closed","ping_status":"closed","template":"","meta":{"footnotes":""},"yoast_head":"<!-- This site is optimized with the Yoast SEO plugin v22.5 - https:\/\/yoast.com\/wordpress\/plugins\/seo\/ -->\n<title>Discgolf i Kristianstad och Nord\u00f6stra Sk\u00e5ne - C4FC<\/title>\n<meta name=\"robots\" content=\"index, follow, max-snippet:-1, max-image-preview:large, max-video-preview:-1\" \/>\n<link rel=\"canonical\" href=\"https:\/\/c4fc.se\/?page_id=381\" \/>\n<meta property=\"og:locale\" content=\"en_US\" \/>\n<meta property=\"og:type\" content=\"article\" \/>\n<meta property=\"og:title\" content=\"Discgolf i Kristianstad och Nord\u00f6stra Sk\u00e5ne - C4FC\" \/>\n<meta property=\"og:description\" content=\"Letar du efter en rolig aktivitet att g\u00f6ra med v\u00e4nner eller kollegor i Kristianstad och Nord\u00f6stra Sk\u00e5ne? D\u00e5 har du hittat r\u00e4tt! Discgolf kombinerar golfens traditionella regler med frisbee ist\u00e4llet f\u00f6r klubbor och boll. Discgolf \u00e4r ett bra s\u00e4tt att komma utomhus, utmana sig sj\u00e4lv och ha en trevlig stund [&hellip;]\" \/>\n<meta property=\"og:url\" content=\"https:\/\/c4fc.se\/?page_id=381\" \/>\n<meta property=\"og:site_name\" content=\"C4FC\" \/>\n<meta property=\"article:publisher\" content=\"https:\/\/www.facebook.com\/groups\/1053968791322662\" \/>\n<meta property=\"article:modified_time\" content=\"2023-09-28T12:31:07+00:00\" \/>\n<meta name=\"twitter:card\" content=\"summary_large_image\" \/>\n<meta name=\"twitter:label1\" content=\"Est. reading time\" \/>\n\t<meta name=\"twitter:data1\" content=\"2 minutes\" \/>\n<script type=\"application\/ld+json\" class=\"yoast-schema-graph\">{\"@context\":\"https:\/\/schema.org\",\"@graph\":[{\"@type\":\"WebPage\",\"@id\":\"https:\/\/c4fc.se\/?page_id=381\",\"url\":\"https:\/\/c4fc.se\/?page_id=381\",\"name\":\"Discgolf i Kristianstad och Nord\u00f6stra Sk\u00e5ne - C4FC\",\"isPartOf\":{\"@id\":\"https:\/\/c4fc.se\/#website\"},\"datePublished\":\"2023-01-31T18:01:52+00:00\",\"dateModified\":\"2023-09-28T12:31:07+00:00\",\"breadcrumb\":{\"@id\":\"https:\/\/c4fc.se\/?page_id=381#breadcrumb\"},\"inLanguage\":\"en-US\",\"potentialAction\":[{\"@type\":\"ReadAction\",\"target\":[\"https:\/\/c4fc.se\/?page_id=381\"]}]},{\"@type\":\"BreadcrumbList\",\"@id\":\"https:\/\/c4fc.se\/?page_id=381#breadcrumb\",\"itemListElement\":[{\"@type\":\"ListItem\",\"position\":1,\"name\":\"Home\",\"item\":\"https:\/\/c4fc.se\/\"},{\"@type\":\"ListItem\",\"position\":2,\"name\":\"Discgolf i Kristianstad och Nord\u00f6stra Sk\u00e5ne\"}]},{\"@type\":\"WebSite\",\"@id\":\"https:\/\/c4fc.se\/#website\",\"url\":\"https:\/\/c4fc.se\/\",\"name\":\"C4FC\",\"description\":\"Christianstad Frisbee Club\",\"publisher\":{\"@id\":\"https:\/\/c4fc.se\/#organization\"},\"potentialAction\":[{\"@type\":\"SearchAction\",\"target\":{\"@type\":\"EntryPoint\",\"urlTemplate\":\"https:\/\/c4fc.se\/?s={search_term_string}\"},\"query-input\":\"required name=search_term_string\"}],\"inLanguage\":\"en-US\"},{\"@type\":\"Organization\",\"@id\":\"https:\/\/c4fc.se\/#organization\",\"name\":\"Christianstad Frisbee Club\",\"alternateName\":\"C4FC\",\"url\":\"https:\/\/c4fc.se\/\",\"logo\":{\"@type\":\"ImageObject\",\"inLanguage\":\"en-US\",\"@id\":\"https:\/\/c4fc.se\/#\/schema\/logo\/image\/\",\"url\":\"https:\/\/c4fc.se\/wp-content\/uploads\/2022\/02\/logo-1.png\",\"contentUrl\":\"https:\/\/c4fc.se\/wp-content\/uploads\/2022\/02\/logo-1.png\",\"width\":190,\"height\":181,\"caption\":\"Christianstad Frisbee Club\"},\"image\":{\"@id\":\"https:\/\/c4fc.se\/#\/schema\/logo\/image\/\"},\"sameAs\":[\"https:\/\/www.facebook.com\/groups\/1053968791322662\",\"https:\/\/www.instagram.com\/c4fc.se\/\",\"https:\/\/www.tiktok.com\/@c4fc.se\"]}]}<\/script>\n<!-- \/ Yoast SEO plugin. -->","yoast_head_json":{"title":"Discgolf i Kristianstad och Nord\u00f6stra Sk\u00e5ne - C4FC","robots":{"index":"index","follow":"follow","max-snippet":"max-snippet:-1","max-image-preview":"max-image-preview:large","max-video-preview":"max-video-preview:-1"},"canonical":"https:\/\/c4fc.se\/?page_id=381","og_locale":"en_US","og_type":"article","og_title":"Discgolf i Kristianstad och Nord\u00f6stra Sk\u00e5ne - C4FC","og_description":"Letar du efter en rolig aktivitet att g\u00f6ra med v\u00e4nner eller kollegor i Kristianstad och Nord\u00f6stra Sk\u00e5ne? D\u00e5 har du hittat r\u00e4tt! Discgolf kombinerar golfens traditionella regler med frisbee ist\u00e4llet f\u00f6r klubbor och boll. Discgolf \u00e4r ett bra s\u00e4tt att komma utomhus, utmana sig sj\u00e4lv och ha en trevlig stund [&hellip;]","og_url":"https:\/\/c4fc.se\/?page_id=381","og_site_name":"C4FC","article_publisher":"https:\/\/www.facebook.com\/groups\/1053968791322662","article_modified_time":"2023-09-28T12:31:07+00:00","twitter_card":"summary_large_image","twitter_misc":{"Est. reading time":"2 minutes"},"schema":{"@context":"https:\/\/schema.org","@graph":[{"@type":"WebPage","@id":"https:\/\/c4fc.se\/?page_id=381","url":"https:\/\/c4fc.se\/?page_id=381","name":"Discgolf i Kristianstad och Nord\u00f6stra Sk\u00e5ne - C4FC","isPartOf":{"@id":"https:\/\/c4fc.se\/#website"},"datePublished":"2023-01-31T18:01:52+00:00","dateModified":"2023-09-28T12:31:07+00:00","breadcrumb":{"@id":"https:\/\/c4fc.se\/?page_id=381#breadcrumb"},"inLanguage":"en-US","potentialAction":[{"@type":"ReadAction","target":["https:\/\/c4fc.se\/?page_id=381"]}]},{"@type":"BreadcrumbList","@id":"https:\/\/c4fc.se\/?page_id=381#breadcrumb","itemListElement":[{"@type":"ListItem","position":1,"name":"Home","item":"https:\/\/c4fc.se\/"},{"@type":"ListItem","position":2,"name":"Discgolf i Kristianstad och Nord\u00f6stra Sk\u00e5ne"}]},{"@type":"WebSite","@id":"https:\/\/c4fc.se\/#website","url":"https:\/\/c4fc.se\/","name":"C4FC","description":"Christianstad Frisbee Club","publisher":{"@id":"https:\/\/c4fc.se\/#organization"},"potentialAction":[{"@type":"SearchAction","target":{"@type":"EntryPoint","urlTemplate":"https:\/\/c4fc.se\/?s={search_term_string}"},"query-input":"required name=search_term_string"}],"inLanguage":"en-US"},{"@type":"Organization","@id":"https:\/\/c4fc.se\/#organization","name":"Christianstad Frisbee Club","alternateName":"C4FC","url":"https:\/\/c4fc.se\/","logo":{"@type":"ImageObject","inLanguage":"en-US","@id":"https:\/\/c4fc.se\/#\/schema\/logo\/image\/","url":"https:\/\/c4fc.se\/wp-content\/uploads\/2022\/02\/logo-1.png","contentUrl":"https:\/\/c4fc.se\/wp-content\/uploads\/2022\/02\/logo-1.png","width":190,"height":181,"caption":"Christianstad Frisbee Club"},"image":{"@id":"https:\/\/c4fc.se\/#\/schema\/logo\/image\/"},"sameAs":["https:\/\/www.facebook.com\/groups\/1053968791322662","https:\/\/www.instagram.com\/c4fc.se\/","https:\/\/www.tiktok.com\/@c4fc.se"]}]}},"jetpack_sharing_enabled":true,"jetpack-related-posts":[],"_links":{"self":[{"href":"https:\/\/c4fc.se\/index.php?rest_route=\/wp\/v2\/pages\/381"}],"collection":[{"href":"https:\/\/c4fc.se\/index.php?rest_route=\/wp\/v2\/pages"}],"about":[{"href":"https:\/\/c4fc.se\/index.php?rest_route=\/wp\/v2\/types\/page"}],"author":[{"embeddable":true,"href":"https:\/\/c4fc.se\/index.php?rest_route=\/wp\/v2\/users\/1"}],"replies":[{"embeddable":true,"href":"https:\/\/c4fc.se\/index.php?rest_route=%2Fwp%2Fv2%2Fcomments&post=381"}],"version-history":[{"count":1,"href":"https:\/\/c4fc.se\/index.php?rest_route=\/wp\/v2\/pages\/381\/revisions"}],"predecessor-version":[{"id":603,"href":"https:\/\/c4fc.se\/index.php?rest_route=\/wp\/v2\/pages\/381\/revisions\/603"}],"wp:attachment":[{"href":"https:\/\/c4fc.se\/index.php?rest_route=%2Fwp%2Fv2%2Fmedia&parent=381"}],"curies":[{"name":"wp","href":"https:\/\/api.w.org\/{rel}","templated":true}]}}