{"id":327,"date":"2022-05-15T06:30:43","date_gmt":"2022-05-15T06:30:43","guid":{"rendered":"https:\/\/c4fc.se\/?page_id=327"},"modified":"2022-07-07T14:37:15","modified_gmt":"2022-07-07T14:37:15","slug":"petertestpage","status":"publish","type":"page","link":"https:\/\/c4fc.se\/?page_id=327","title":{"rendered":"Sommartouren 2022"},"content":{"rendered":"<div id=\"maincontentdiv\">Loading&#8230;<\/div><div id=\"hcpdiv\"><h2>HCP Gul<\/h2><p><\/p><table><tbody><tr><th>Namn<\/th><th>Exakt HCP<\/th><th>Spel HCP<\/th><\/tr><tr><td>Magnus Rengman<\/td><td>-6,4<\/td><td>-6<\/td><\/tr><tr><td>H\u00e5kan \u00d6stberg<\/td><td>-6,4<\/td><td>-6<\/td><\/tr><tr><td>Tomas L\u00f6vkvist<\/td><td>-7,2<\/td><td>-7<\/td><\/tr><tr><td>Peter Lundqvist<\/td><td>-3,3<\/td><td>-3<\/td><\/tr><tr><td>Kristofer Svensson<\/td><td>-3,3<\/td><td>-3<\/td><\/tr><tr><td>Henrik Jonasson<\/td><td>-1,8<\/td><td>-2<\/td><\/tr><tr><td>Henrik Lindqvist<\/td><td>1,4<\/td><td>1<\/td><\/tr><tr><td>Jens Wagenius<\/td><td>1,5<\/td><td>2<\/td><\/tr><tr><td>Mikael Wiklund<\/td><td>4,8<\/td><td>5<\/td><\/tr><tr><td>John Hansson<\/td><td>-0,1<\/td><td>0<\/td><\/tr><tr><td>Patrik Persson<\/td><td>5,7<\/td><td>6<\/td><\/tr><tr><td>Robin Findahl<\/td><td>2,1<\/td><td>2<\/td><\/tr><tr><td>Ian D<\/td><td>2,1<\/td><td>2<\/td><\/tr><tr><td>Elliot Lundqvist<\/td><td>1,8<\/td><td>2<\/td><\/tr><tr><td>Martin Brandt<\/td><td>4<\/td><td>4<\/td><\/tr><tr><td>Simon Annerfeldt<\/td><td>6,3<\/td><td>6<\/td><\/tr><tr><td>Joakim Ohlsson<\/td><td>7,4<\/td><td>7<\/td><\/tr><tr><td>Jens Svensson<\/td><td>4,8<\/td><td>5<\/td><\/tr><tr><td>Martin B\u00e4ck<\/td><td>11,7<\/td><td>12<\/td><\/tr><tr><td>David Jerlinder<\/td><td>6,7<\/td><td>7<\/td><\/tr><tr><td>Sofie Jerlinder<\/td><td>22,4<\/td><td>22<\/td><\/tr><tr><td>Staffan Berlin <\/td><td>1,3<\/td><td>1<\/td><\/tr><tr><td>Gustav Liljestr\u00f6m<\/td><td>7,2<\/td><td>7<\/td><\/tr><tr><td>Robert Liljestr\u00f6m<\/td><td>-7,7<\/td><td>-8<\/td><\/tr><tr><td>Fredrik Liedholm<\/td><td>12,2<\/td><td>12<\/td><\/tr><tr><td>Emma Malmborg<\/td><td>12,6<\/td><td>13<\/td><\/tr><tr><td>Martin Miccilia<\/td><td>-1,9<\/td><td>-2<\/td><\/tr><tr><td>Patrik Verting<\/td><td>14,7<\/td><td>15<\/td><\/tr><tr><td>Magnus Regn\u00f6<\/td><td>-2,7<\/td><td>-3<\/td><\/tr><tr><td>Andreas Gustafsson<\/td><td>-6,9<\/td><td>-7<\/td><\/tr><\/tbody><\/table><p><\/p><h2>HCP Vit<\/h2><p><\/p><table><tbody><tr><th>Namn<\/th><th>Exakt HCP<\/th><th>Spel HCP<\/th><\/tr><tr><td>Magnus Rengman<\/td><td>-1<\/td><td>-1<\/td><\/tr><tr><td>H\u00e5kan \u00d6stberg<\/td><td>-2,5<\/td><td>-2<\/td><\/tr><tr><td>Tomas L\u00f6vkvist<\/td><td>-0,5<\/td><td>0<\/td><\/tr><tr><td>Peter Lundqvist<\/td><td>1,1<\/td><td>1<\/td><\/tr><tr><td>Kristofer Svensson<\/td><td>1,2<\/td><td>1<\/td><\/tr><tr><td>Henrik Jonasson<\/td><td>5,2<\/td><td>5<\/td><\/tr><tr><td>Henrik Lindqvist<\/td><td>3,3<\/td><td>3<\/td><\/tr><tr><td>Jens Wagenius<\/td><td>6,8<\/td><td>7<\/td><\/tr><tr><td>Mikael Wiklund<\/td><td>8,5<\/td><td>8<\/td><\/tr><tr><td>John Hansson<\/td><td>10,6<\/td><td>11<\/td><\/tr><tr><td>Patrik Persson<\/td><td>11,2<\/td><td>11<\/td><\/tr><tr><td>Robin Findahl<\/td><td>8,7<\/td><td>9<\/td><\/tr><tr><td>Ian D<\/td><td>7,5<\/td><td>8<\/td><\/tr><tr><td>Elliot Lundqvist<\/td><td>7,2<\/td><td>7<\/td><\/tr><tr><td>Martin Brandt<\/td><td>12,6<\/td><td>13<\/td><\/tr><tr><td>Simon Annerfeldt<\/td><td>15,6<\/td><td>16<\/td><\/tr><tr><td>Joakim Ohlsson<\/td><td>13,5<\/td><td>14<\/td><\/tr><tr><td>Jens Svensson<\/td><td>9,4<\/td><td>9<\/td><\/tr><tr><td>Martin B\u00e4ck<\/td><td>19<\/td><td>19<\/td><\/tr><tr><td>David Jerlinder<\/td><td>16<\/td><td>16<\/td><\/tr><tr><td>Sofie Jerlinder<\/td><td>33,4<\/td><td>33<\/td><\/tr><tr><td>Staffan Berlin <\/td><td>14,1<\/td><td>14<\/td><\/tr><tr><td>Gustav Liljestr\u00f6m<\/td><td>14,7<\/td><td>15<\/td><\/tr><tr><td>Robert Liljestr\u00f6m<\/td><td>-1,5<\/td><td>-2<\/td><\/tr><tr><td>Fredrik Liedholm<\/td><td>25,1<\/td><td>25<\/td><\/tr><tr><td>Emma Malmborg<\/td><td>27,3<\/td><td>27<\/td><\/tr><tr><td>Martin Miccilia<\/td><td>0,9<\/td><td>1<\/td><\/tr><tr><td>Patrik Verting<\/td><td>20,2<\/td><td>20<\/td><\/tr><tr><td>Magnus Regn\u00f6<\/td><td>4,3<\/td><td>4<\/td><\/tr><tr><td>Andreas Gustafsson<\/td><td>-1,8<\/td><td>-2<\/td><\/tr><tr><td>Ronnie Nilsson<\/td><td>14,1<\/td><td>14<\/td><\/tr><\/tbody><\/table><\/div><p><\/p>","protected":false},"excerpt":{"rendered":"<p>Loading&#8230; HCP Gul Namn Exakt HCP Spel HCP Magnus Rengman -6,4 -6 H\u00e5kan \u00d6stberg -6,4 -6 Tomas L\u00f6vkvist -7,2 -7 Peter Lundqvist -3,3 -3 Kristofer Svensson -3,3 -3 Henrik Jonasson -1,8 -2 Henrik Lindqvist 1,4 1 Jens Wagenius 1,5 2 Mikael Wiklund 4,8 5 John Hansson -0,1 0 Patrik Persson [&hellip;]<\/p>\n","protected":false},"author":4,"featured_media":0,"parent":0,"menu_order":0,"comment_status":"closed","ping_status":"closed","template":"","meta":{"footnotes":""},"yoast_head":"<!-- This site is optimized with the Yoast SEO plugin v22.5 - https:\/\/yoast.com\/wordpress\/plugins\/seo\/ -->\n<title>Sommartouren 2022 - C4FC<\/title>\n<meta name=\"robots\" content=\"index, follow, max-snippet:-1, max-image-preview:large, max-video-preview:-1\" \/>\n<link rel=\"canonical\" href=\"https:\/\/c4fc.se\/?page_id=327\" \/>\n<meta property=\"og:locale\" content=\"en_US\" \/>\n<meta property=\"og:type\" content=\"article\" \/>\n<meta property=\"og:title\" content=\"Sommartouren 2022 - C4FC\" \/>\n<meta property=\"og:description\" content=\"Loading&#8230; HCP Gul Namn Exakt HCP Spel HCP Magnus Rengman -6,4 -6 H\u00e5kan \u00d6stberg -6,4 -6 Tomas L\u00f6vkvist -7,2 -7 Peter Lundqvist -3,3 -3 Kristofer Svensson -3,3 -3 Henrik Jonasson -1,8 -2 Henrik Lindqvist 1,4 1 Jens Wagenius 1,5 2 Mikael Wiklund 4,8 5 John Hansson -0,1 0 Patrik Persson [&hellip;]\" \/>\n<meta property=\"og:url\" content=\"https:\/\/c4fc.se\/?page_id=327\" \/>\n<meta property=\"og:site_name\" content=\"C4FC\" \/>\n<meta property=\"article:publisher\" content=\"https:\/\/www.facebook.com\/groups\/1053968791322662\" \/>\n<meta property=\"article:modified_time\" content=\"2022-07-07T14:37:15+00:00\" \/>\n<meta name=\"twitter:card\" content=\"summary_large_image\" \/>\n<meta name=\"twitter:label1\" content=\"Est. reading time\" \/>\n\t<meta name=\"twitter:data1\" content=\"1 minute\" \/>\n<script type=\"application\/ld+json\" class=\"yoast-schema-graph\">{\"@context\":\"https:\/\/schema.org\",\"@graph\":[{\"@type\":\"WebPage\",\"@id\":\"https:\/\/c4fc.se\/?page_id=327\",\"url\":\"https:\/\/c4fc.se\/?page_id=327\",\"name\":\"Sommartouren 2022 - C4FC\",\"isPartOf\":{\"@id\":\"https:\/\/c4fc.se\/#website\"},\"datePublished\":\"2022-05-15T06:30:43+00:00\",\"dateModified\":\"2022-07-07T14:37:15+00:00\",\"breadcrumb\":{\"@id\":\"https:\/\/c4fc.se\/?page_id=327#breadcrumb\"},\"inLanguage\":\"en-US\",\"potentialAction\":[{\"@type\":\"ReadAction\",\"target\":[\"https:\/\/c4fc.se\/?page_id=327\"]}]},{\"@type\":\"BreadcrumbList\",\"@id\":\"https:\/\/c4fc.se\/?page_id=327#breadcrumb\",\"itemListElement\":[{\"@type\":\"ListItem\",\"position\":1,\"name\":\"Home\",\"item\":\"https:\/\/c4fc.se\/\"},{\"@type\":\"ListItem\",\"position\":2,\"name\":\"Sommartouren 2022\"}]},{\"@type\":\"WebSite\",\"@id\":\"https:\/\/c4fc.se\/#website\",\"url\":\"https:\/\/c4fc.se\/\",\"name\":\"C4FC\",\"description\":\"Christianstad Frisbee Club\",\"publisher\":{\"@id\":\"https:\/\/c4fc.se\/#organization\"},\"potentialAction\":[{\"@type\":\"SearchAction\",\"target\":{\"@type\":\"EntryPoint\",\"urlTemplate\":\"https:\/\/c4fc.se\/?s={search_term_string}\"},\"query-input\":\"required name=search_term_string\"}],\"inLanguage\":\"en-US\"},{\"@type\":\"Organization\",\"@id\":\"https:\/\/c4fc.se\/#organization\",\"name\":\"Christianstad Frisbee Club\",\"alternateName\":\"C4FC\",\"url\":\"https:\/\/c4fc.se\/\",\"logo\":{\"@type\":\"ImageObject\",\"inLanguage\":\"en-US\",\"@id\":\"https:\/\/c4fc.se\/#\/schema\/logo\/image\/\",\"url\":\"https:\/\/c4fc.se\/wp-content\/uploads\/2022\/02\/logo-1.png\",\"contentUrl\":\"https:\/\/c4fc.se\/wp-content\/uploads\/2022\/02\/logo-1.png\",\"width\":190,\"height\":181,\"caption\":\"Christianstad Frisbee Club\"},\"image\":{\"@id\":\"https:\/\/c4fc.se\/#\/schema\/logo\/image\/\"},\"sameAs\":[\"https:\/\/www.facebook.com\/groups\/1053968791322662\",\"https:\/\/www.instagram.com\/c4fc.se\/\",\"https:\/\/www.tiktok.com\/@c4fc.se\"]}]}<\/script>\n<!-- \/ Yoast SEO plugin. -->","yoast_head_json":{"title":"Sommartouren 2022 - C4FC","robots":{"index":"index","follow":"follow","max-snippet":"max-snippet:-1","max-image-preview":"max-image-preview:large","max-video-preview":"max-video-preview:-1"},"canonical":"https:\/\/c4fc.se\/?page_id=327","og_locale":"en_US","og_type":"article","og_title":"Sommartouren 2022 - C4FC","og_description":"Loading&#8230; HCP Gul Namn Exakt HCP Spel HCP Magnus Rengman -6,4 -6 H\u00e5kan \u00d6stberg -6,4 -6 Tomas L\u00f6vkvist -7,2 -7 Peter Lundqvist -3,3 -3 Kristofer Svensson -3,3 -3 Henrik Jonasson -1,8 -2 Henrik Lindqvist 1,4 1 Jens Wagenius 1,5 2 Mikael Wiklund 4,8 5 John Hansson -0,1 0 Patrik Persson [&hellip;]","og_url":"https:\/\/c4fc.se\/?page_id=327","og_site_name":"C4FC","article_publisher":"https:\/\/www.facebook.com\/groups\/1053968791322662","article_modified_time":"2022-07-07T14:37:15+00:00","twitter_card":"summary_large_image","twitter_misc":{"Est. reading time":"1 minute"},"schema":{"@context":"https:\/\/schema.org","@graph":[{"@type":"WebPage","@id":"https:\/\/c4fc.se\/?page_id=327","url":"https:\/\/c4fc.se\/?page_id=327","name":"Sommartouren 2022 - C4FC","isPartOf":{"@id":"https:\/\/c4fc.se\/#website"},"datePublished":"2022-05-15T06:30:43+00:00","dateModified":"2022-07-07T14:37:15+00:00","breadcrumb":{"@id":"https:\/\/c4fc.se\/?page_id=327#breadcrumb"},"inLanguage":"en-US","potentialAction":[{"@type":"ReadAction","target":["https:\/\/c4fc.se\/?page_id=327"]}]},{"@type":"BreadcrumbList","@id":"https:\/\/c4fc.se\/?page_id=327#breadcrumb","itemListElement":[{"@type":"ListItem","position":1,"name":"Home","item":"https:\/\/c4fc.se\/"},{"@type":"ListItem","position":2,"name":"Sommartouren 2022"}]},{"@type":"WebSite","@id":"https:\/\/c4fc.se\/#website","url":"https:\/\/c4fc.se\/","name":"C4FC","description":"Christianstad Frisbee Club","publisher":{"@id":"https:\/\/c4fc.se\/#organization"},"potentialAction":[{"@type":"SearchAction","target":{"@type":"EntryPoint","urlTemplate":"https:\/\/c4fc.se\/?s={search_term_string}"},"query-input":"required name=search_term_string"}],"inLanguage":"en-US"},{"@type":"Organization","@id":"https:\/\/c4fc.se\/#organization","name":"Christianstad Frisbee Club","alternateName":"C4FC","url":"https:\/\/c4fc.se\/","logo":{"@type":"ImageObject","inLanguage":"en-US","@id":"https:\/\/c4fc.se\/#\/schema\/logo\/image\/","url":"https:\/\/c4fc.se\/wp-content\/uploads\/2022\/02\/logo-1.png","contentUrl":"https:\/\/c4fc.se\/wp-content\/uploads\/2022\/02\/logo-1.png","width":190,"height":181,"caption":"Christianstad Frisbee Club"},"image":{"@id":"https:\/\/c4fc.se\/#\/schema\/logo\/image\/"},"sameAs":["https:\/\/www.facebook.com\/groups\/1053968791322662","https:\/\/www.instagram.com\/c4fc.se\/","https:\/\/www.tiktok.com\/@c4fc.se"]}]}},"jetpack_sharing_enabled":true,"jetpack-related-posts":[],"_links":{"self":[{"href":"https:\/\/c4fc.se\/index.php?rest_route=\/wp\/v2\/pages\/327"}],"collection":[{"href":"https:\/\/c4fc.se\/index.php?rest_route=\/wp\/v2\/pages"}],"about":[{"href":"https:\/\/c4fc.se\/index.php?rest_route=\/wp\/v2\/types\/page"}],"author":[{"embeddable":true,"href":"https:\/\/c4fc.se\/index.php?rest_route=\/wp\/v2\/users\/4"}],"replies":[{"embeddable":true,"href":"https:\/\/c4fc.se\/index.php?rest_route=%2Fwp%2Fv2%2Fcomments&post=327"}],"version-history":[{"count":0,"href":"https:\/\/c4fc.se\/index.php?rest_route=\/wp\/v2\/pages\/327\/revisions"}],"wp:attachment":[{"href":"https:\/\/c4fc.se\/index.php?rest_route=%2Fwp%2Fv2%2Fmedia&parent=327"}],"curies":[{"name":"wp","href":"https:\/\/api.w.org\/{rel}","templated":true}]}}