{"id":324,"date":"2022-04-01T10:31:44","date_gmt":"2022-04-01T10:31:44","guid":{"rendered":"https:\/\/c4fc.se\/?page_id=324"},"modified":"2024-02-19T15:25:22","modified_gmt":"2024-02-19T15:25:22","slug":"medlemskap-2022","status":"publish","type":"page","link":"https:\/\/c4fc.se\/?page_id=324","title":{"rendered":"Medlemskap 2024"},"content":{"rendered":"<p>Precis som f\u00f6rr \u00e5ret s\u00e5 \u00e4r kostnaden f\u00f6r ett medlemskap i f\u00f6reningen<strong> 200<\/strong> kr\/\u00e5r \u2013 g\u00e4ller samtliga!<\/p><p>Efter betalning anslut er g\u00e4rna till klubben i tjing: <a href=\"https:\/\/tjing.se\/club\/christianstad-frisbee-club-c4fc\/\" target=\"_blank\" rel=\"noreferrer noopener\">https:\/\/tjing.se\/club\/christianstad-frisbee-club-c4fc\/ <\/a><br><br>Den tidigare avgiften p\u00e5 300kr som klubben hanterade mot svenska discgolf f\u00f6rbundet \u00e4r nu n\u00e5got man hanterar sj\u00e4lv, info om det hittar man h\u00e4r: <a href=\"https:\/\/www.svenskdiscgolf.se\/tavlingarna\/tavlingslicens\/\" target=\"_blank\" rel=\"noreferrer noopener\">https:\/\/www.svenskdiscgolf.se\/tavlingarna\/tavlingslicens\/<\/a><br><\/p><p>Betalar g\u00f6r ni till C4FC via:<br>Swish nr 1233126182<br>Bankgiro 5176-4686<br>Uppge namn och personnummer i meddelandet.<\/p><figure class=\"wp-block-image size-medium\"><img loading=\"lazy\" decoding=\"async\" width=\"198\" height=\"300\" src=\"https:\/\/c4fc.se\/wp-content\/uploads\/2024\/02\/swish-QR-small-198x300.png\" alt=\"\" class=\"wp-image-626\" srcset=\"https:\/\/c4fc.se\/wp-content\/uploads\/2024\/02\/swish-QR-small-198x300.png 198w, https:\/\/c4fc.se\/wp-content\/uploads\/2024\/02\/swish-QR-small-460x700.png 460w, https:\/\/c4fc.se\/wp-content\/uploads\/2024\/02\/swish-QR-small-230x350.png 230w, https:\/\/c4fc.se\/wp-content\/uploads\/2024\/02\/swish-QR-small-600x907.png 600w, https:\/\/c4fc.se\/wp-content\/uploads\/2024\/02\/swish-QR-small.png 625w\" sizes=\"(max-width: 198px) 100vw, 198px\" \/><\/figure><p><br>Christianstad Frisbee Club<\/p>","protected":false},"excerpt":{"rendered":"<p>Precis som f\u00f6rr \u00e5ret s\u00e5 \u00e4r kostnaden f\u00f6r ett medlemskap i f\u00f6reningen 200 kr\/\u00e5r \u2013 g\u00e4ller samtliga! Efter betalning anslut er g\u00e4rna till klubben i tjing: https:\/\/tjing.se\/club\/christianstad-frisbee-club-c4fc\/ Den tidigare avgiften p\u00e5 300kr som klubben hanterade mot svenska discgolf f\u00f6rbundet \u00e4r nu n\u00e5got man hanterar sj\u00e4lv, info om det hittar man [&hellip;]<\/p>\n","protected":false},"author":1,"featured_media":0,"parent":0,"menu_order":0,"comment_status":"closed","ping_status":"closed","template":"","meta":{"footnotes":""},"yoast_head":"<!-- This site is optimized with the Yoast SEO plugin v22.5 - https:\/\/yoast.com\/wordpress\/plugins\/seo\/ -->\n<title>Medlemskap 2024 - C4FC<\/title>\n<meta name=\"robots\" content=\"index, follow, max-snippet:-1, max-image-preview:large, max-video-preview:-1\" \/>\n<link rel=\"canonical\" href=\"https:\/\/c4fc.se\/?page_id=324\" \/>\n<meta property=\"og:locale\" content=\"en_US\" \/>\n<meta property=\"og:type\" content=\"article\" \/>\n<meta property=\"og:title\" content=\"Medlemskap 2024 - C4FC\" \/>\n<meta property=\"og:description\" content=\"Precis som f\u00f6rr \u00e5ret s\u00e5 \u00e4r kostnaden f\u00f6r ett medlemskap i f\u00f6reningen 200 kr\/\u00e5r \u2013 g\u00e4ller samtliga! Efter betalning anslut er g\u00e4rna till klubben i tjing: https:\/\/tjing.se\/club\/christianstad-frisbee-club-c4fc\/ Den tidigare avgiften p\u00e5 300kr som klubben hanterade mot svenska discgolf f\u00f6rbundet \u00e4r nu n\u00e5got man hanterar sj\u00e4lv, info om det hittar man [&hellip;]\" \/>\n<meta property=\"og:url\" content=\"https:\/\/c4fc.se\/?page_id=324\" \/>\n<meta property=\"og:site_name\" content=\"C4FC\" \/>\n<meta property=\"article:publisher\" content=\"https:\/\/www.facebook.com\/groups\/1053968791322662\" \/>\n<meta property=\"article:modified_time\" content=\"2024-02-19T15:25:22+00:00\" \/>\n<meta property=\"og:image\" content=\"https:\/\/c4fc.se\/wp-content\/uploads\/2024\/02\/swish-QR-small-198x300.png\" \/>\n<meta name=\"twitter:card\" content=\"summary_large_image\" \/>\n<meta name=\"twitter:label1\" content=\"Est. reading time\" \/>\n\t<meta name=\"twitter:data1\" content=\"1 minute\" \/>\n<script type=\"application\/ld+json\" class=\"yoast-schema-graph\">{\"@context\":\"https:\/\/schema.org\",\"@graph\":[{\"@type\":\"WebPage\",\"@id\":\"https:\/\/c4fc.se\/?page_id=324\",\"url\":\"https:\/\/c4fc.se\/?page_id=324\",\"name\":\"Medlemskap 2024 - C4FC\",\"isPartOf\":{\"@id\":\"https:\/\/c4fc.se\/#website\"},\"primaryImageOfPage\":{\"@id\":\"https:\/\/c4fc.se\/?page_id=324#primaryimage\"},\"image\":{\"@id\":\"https:\/\/c4fc.se\/?page_id=324#primaryimage\"},\"thumbnailUrl\":\"https:\/\/c4fc.se\/wp-content\/uploads\/2024\/02\/swish-QR-small-198x300.png\",\"datePublished\":\"2022-04-01T10:31:44+00:00\",\"dateModified\":\"2024-02-19T15:25:22+00:00\",\"breadcrumb\":{\"@id\":\"https:\/\/c4fc.se\/?page_id=324#breadcrumb\"},\"inLanguage\":\"en-US\",\"potentialAction\":[{\"@type\":\"ReadAction\",\"target\":[\"https:\/\/c4fc.se\/?page_id=324\"]}]},{\"@type\":\"ImageObject\",\"inLanguage\":\"en-US\",\"@id\":\"https:\/\/c4fc.se\/?page_id=324#primaryimage\",\"url\":\"https:\/\/c4fc.se\/wp-content\/uploads\/2024\/02\/swish-QR-small.png\",\"contentUrl\":\"https:\/\/c4fc.se\/wp-content\/uploads\/2024\/02\/swish-QR-small.png\",\"width\":625,\"height\":945},{\"@type\":\"BreadcrumbList\",\"@id\":\"https:\/\/c4fc.se\/?page_id=324#breadcrumb\",\"itemListElement\":[{\"@type\":\"ListItem\",\"position\":1,\"name\":\"Home\",\"item\":\"https:\/\/c4fc.se\/\"},{\"@type\":\"ListItem\",\"position\":2,\"name\":\"Medlemskap 2024\"}]},{\"@type\":\"WebSite\",\"@id\":\"https:\/\/c4fc.se\/#website\",\"url\":\"https:\/\/c4fc.se\/\",\"name\":\"C4FC\",\"description\":\"Christianstad Frisbee Club\",\"publisher\":{\"@id\":\"https:\/\/c4fc.se\/#organization\"},\"potentialAction\":[{\"@type\":\"SearchAction\",\"target\":{\"@type\":\"EntryPoint\",\"urlTemplate\":\"https:\/\/c4fc.se\/?s={search_term_string}\"},\"query-input\":\"required name=search_term_string\"}],\"inLanguage\":\"en-US\"},{\"@type\":\"Organization\",\"@id\":\"https:\/\/c4fc.se\/#organization\",\"name\":\"Christianstad Frisbee Club\",\"alternateName\":\"C4FC\",\"url\":\"https:\/\/c4fc.se\/\",\"logo\":{\"@type\":\"ImageObject\",\"inLanguage\":\"en-US\",\"@id\":\"https:\/\/c4fc.se\/#\/schema\/logo\/image\/\",\"url\":\"https:\/\/c4fc.se\/wp-content\/uploads\/2022\/02\/logo-1.png\",\"contentUrl\":\"https:\/\/c4fc.se\/wp-content\/uploads\/2022\/02\/logo-1.png\",\"width\":190,\"height\":181,\"caption\":\"Christianstad Frisbee Club\"},\"image\":{\"@id\":\"https:\/\/c4fc.se\/#\/schema\/logo\/image\/\"},\"sameAs\":[\"https:\/\/www.facebook.com\/groups\/1053968791322662\",\"https:\/\/www.instagram.com\/c4fc.se\/\",\"https:\/\/www.tiktok.com\/@c4fc.se\"]}]}<\/script>\n<!-- \/ Yoast SEO plugin. -->","yoast_head_json":{"title":"Medlemskap 2024 - C4FC","robots":{"index":"index","follow":"follow","max-snippet":"max-snippet:-1","max-image-preview":"max-image-preview:large","max-video-preview":"max-video-preview:-1"},"canonical":"https:\/\/c4fc.se\/?page_id=324","og_locale":"en_US","og_type":"article","og_title":"Medlemskap 2024 - C4FC","og_description":"Precis som f\u00f6rr \u00e5ret s\u00e5 \u00e4r kostnaden f\u00f6r ett medlemskap i f\u00f6reningen 200 kr\/\u00e5r \u2013 g\u00e4ller samtliga! Efter betalning anslut er g\u00e4rna till klubben i tjing: https:\/\/tjing.se\/club\/christianstad-frisbee-club-c4fc\/ Den tidigare avgiften p\u00e5 300kr som klubben hanterade mot svenska discgolf f\u00f6rbundet \u00e4r nu n\u00e5got man hanterar sj\u00e4lv, info om det hittar man [&hellip;]","og_url":"https:\/\/c4fc.se\/?page_id=324","og_site_name":"C4FC","article_publisher":"https:\/\/www.facebook.com\/groups\/1053968791322662","article_modified_time":"2024-02-19T15:25:22+00:00","og_image":[{"url":"https:\/\/c4fc.se\/wp-content\/uploads\/2024\/02\/swish-QR-small-198x300.png"}],"twitter_card":"summary_large_image","twitter_misc":{"Est. reading time":"1 minute"},"schema":{"@context":"https:\/\/schema.org","@graph":[{"@type":"WebPage","@id":"https:\/\/c4fc.se\/?page_id=324","url":"https:\/\/c4fc.se\/?page_id=324","name":"Medlemskap 2024 - C4FC","isPartOf":{"@id":"https:\/\/c4fc.se\/#website"},"primaryImageOfPage":{"@id":"https:\/\/c4fc.se\/?page_id=324#primaryimage"},"image":{"@id":"https:\/\/c4fc.se\/?page_id=324#primaryimage"},"thumbnailUrl":"https:\/\/c4fc.se\/wp-content\/uploads\/2024\/02\/swish-QR-small-198x300.png","datePublished":"2022-04-01T10:31:44+00:00","dateModified":"2024-02-19T15:25:22+00:00","breadcrumb":{"@id":"https:\/\/c4fc.se\/?page_id=324#breadcrumb"},"inLanguage":"en-US","potentialAction":[{"@type":"ReadAction","target":["https:\/\/c4fc.se\/?page_id=324"]}]},{"@type":"ImageObject","inLanguage":"en-US","@id":"https:\/\/c4fc.se\/?page_id=324#primaryimage","url":"https:\/\/c4fc.se\/wp-content\/uploads\/2024\/02\/swish-QR-small.png","contentUrl":"https:\/\/c4fc.se\/wp-content\/uploads\/2024\/02\/swish-QR-small.png","width":625,"height":945},{"@type":"BreadcrumbList","@id":"https:\/\/c4fc.se\/?page_id=324#breadcrumb","itemListElement":[{"@type":"ListItem","position":1,"name":"Home","item":"https:\/\/c4fc.se\/"},{"@type":"ListItem","position":2,"name":"Medlemskap 2024"}]},{"@type":"WebSite","@id":"https:\/\/c4fc.se\/#website","url":"https:\/\/c4fc.se\/","name":"C4FC","description":"Christianstad Frisbee Club","publisher":{"@id":"https:\/\/c4fc.se\/#organization"},"potentialAction":[{"@type":"SearchAction","target":{"@type":"EntryPoint","urlTemplate":"https:\/\/c4fc.se\/?s={search_term_string}"},"query-input":"required name=search_term_string"}],"inLanguage":"en-US"},{"@type":"Organization","@id":"https:\/\/c4fc.se\/#organization","name":"Christianstad Frisbee Club","alternateName":"C4FC","url":"https:\/\/c4fc.se\/","logo":{"@type":"ImageObject","inLanguage":"en-US","@id":"https:\/\/c4fc.se\/#\/schema\/logo\/image\/","url":"https:\/\/c4fc.se\/wp-content\/uploads\/2022\/02\/logo-1.png","contentUrl":"https:\/\/c4fc.se\/wp-content\/uploads\/2022\/02\/logo-1.png","width":190,"height":181,"caption":"Christianstad Frisbee Club"},"image":{"@id":"https:\/\/c4fc.se\/#\/schema\/logo\/image\/"},"sameAs":["https:\/\/www.facebook.com\/groups\/1053968791322662","https:\/\/www.instagram.com\/c4fc.se\/","https:\/\/www.tiktok.com\/@c4fc.se"]}]}},"jetpack_sharing_enabled":true,"jetpack-related-posts":[],"_links":{"self":[{"href":"https:\/\/c4fc.se\/index.php?rest_route=\/wp\/v2\/pages\/324"}],"collection":[{"href":"https:\/\/c4fc.se\/index.php?rest_route=\/wp\/v2\/pages"}],"about":[{"href":"https:\/\/c4fc.se\/index.php?rest_route=\/wp\/v2\/types\/page"}],"author":[{"embeddable":true,"href":"https:\/\/c4fc.se\/index.php?rest_route=\/wp\/v2\/users\/1"}],"replies":[{"embeddable":true,"href":"https:\/\/c4fc.se\/index.php?rest_route=%2Fwp%2Fv2%2Fcomments&post=324"}],"version-history":[{"count":6,"href":"https:\/\/c4fc.se\/index.php?rest_route=\/wp\/v2\/pages\/324\/revisions"}],"predecessor-version":[{"id":627,"href":"https:\/\/c4fc.se\/index.php?rest_route=\/wp\/v2\/pages\/324\/revisions\/627"}],"wp:attachment":[{"href":"https:\/\/c4fc.se\/index.php?rest_route=%2Fwp%2Fv2%2Fmedia&parent=324"}],"curies":[{"name":"wp","href":"https:\/\/api.w.org\/{rel}","templated":true}]}}